{"id":1370,"date":"2017-12-07T21:49:47","date_gmt":"2017-12-08T01:49:47","guid":{"rendered":"https:\/\/thewonderlusters.com\/?page_id=1370"},"modified":"2020-01-20T21:43:11","modified_gmt":"2020-01-21T02:43:11","slug":"notre-tour-du-monde","status":"publish","type":"page","link":"https:\/\/thewonderlusters.com\/fr\/notre-tour-du-monde\/","title":{"rendered":"L&#8217;itin\u00e9raire de notre tour du monde"},"content":{"rendered":"<p>Le projet des Wonderlusters prit naissance au mois de novembre 2017, lorsque Poly et Jessica d\u00e9cid\u00e8rent de partir pour un tour du monde avec leurs deux gar\u00e7ons. 6 mois plus tard, la famille s&#8217;envola pour l&#8217;aventure d&#8217;une vie, qui alla durer 444 jours \u00e0 travers 50 pays.\u00a0 Leur voyage s&#8217;acheva avec 56 vols, 33 locations de voiture et 181 habitations.<\/p>\n<p>Le tour du monde des Wonderlusters est maintenant termin\u00e9.\u00a0 Vous pouvez consulter le <strong>bilan de ce tour du monde hors du commun<\/strong>\u00a0en 3 parties :<\/p>\n<p><a href=\"https:\/\/thewonderlusters.com\/fr\/bilan-tour-du-monde-en-famille\/\">Partie 1:\u00a0<b>Bilan introspectif\u00a0<\/b>sur un merveilleux tour du monde en famille<\/a><br \/>\n<a href=\"https:\/\/thewonderlusters.com\/fr\/organisation-tour-du-monde-en-famille\/\">Partie 2:\u00a0<strong>Bilan organisationnel<\/strong>\u00a0de notre tour du monde hors du commun<\/a><br \/>\n<a href=\"https:\/\/thewonderlusters.com\/fr\/cout-final-tour-du-monde-en-famille\/\">Partie 3:\u00a0<strong>Bilan financier<\/strong>\u00a0de notre tour du monde en famille<\/a><\/p>\n<p>Voici l&#8217;itin\u00e9raire qui a \u00e9t\u00e9 suivi pendant 14 mois et demi, avec toutes les destinations et les dates.<\/p>\n<!-- Nomad World Map - http:\/\/nomadworldmap.com --><div class=\"nwm-wrap\" style=\"width:100%px\"><div id=\"nwm-map-0\" class=\"nomad-world-map\" style=\"height:720px\"><\/div><div class=\"nwm-destination-list\"><div class=\"nwm-back nwm-control\"><\/div><ul><\/ul><div class=\"nwm-forward nwm-control\"><\/div><\/div><\/div>\n<table id=\"nwm-route-list\" width=\"100%\" border=\"0\" cellspacing=\"0\"><thead><th scope=\"col\"><\/th><th scope=\"col\">Location<\/th><th scope=\"col\">Arrival<\/th><th scope=\"col\">Departure<\/th><\/thead><tbody><tr ><td class=\"nwm-location-count\">1<\/td><td>Qu\u00e9bec City, Canada<\/td><td>2018-05-29<\/td><td>2018-05-29<\/td><\/tr><tr ><td class=\"nwm-location-count\">2<\/td><td>Iceland<\/td><td>2018-05-29<\/td><td>2018-06-08<\/td><\/tr><tr ><td class=\"nwm-location-count\">3<\/td><td>London, United Kingdom<\/td><td>2018-06-08<\/td><td>2018-06-13<\/td><\/tr><tr ><td class=\"nwm-location-count\">4<\/td><td>Cardiff, United Kingdom<\/td><td>2018-06-13<\/td><td>2018-06-15<\/td><\/tr><tr ><td class=\"nwm-location-count\">5<\/td><td>Portsmouth, United Kingdom<\/td><td>2018-06-15<\/td><td>2018-06-16<\/td><\/tr><tr ><td class=\"nwm-location-count\">6<\/td><td>London, United Kingdom<\/td><td>2018-06-16<\/td><td>2018-06-19<\/td><\/tr><tr ><td class=\"nwm-location-count\">7<\/td><td>Basel, Switzerland<\/td><td>2018-06-19<\/td><td>2018-06-19<\/td><\/tr><tr ><td class=\"nwm-location-count\">8<\/td><td>Besan\u00e7on, France<\/td><td>2018-06-19<\/td><td>2018-06-22<\/td><\/tr><tr ><td class=\"nwm-location-count\">9<\/td><td>Toulouse, France<\/td><td>2018-06-22<\/td><td>2018-06-24<\/td><\/tr><tr ><td class=\"nwm-location-count\">10<\/td><td>Bordeaux, France<\/td><td>2018-06-24<\/td><td>2018-06-27<\/td><\/tr><tr ><td class=\"nwm-location-count\">11<\/td><td>Nantes, France<\/td><td>2018-06-27<\/td><td>2018-06-29<\/td><\/tr><tr ><td class=\"nwm-location-count\">12<\/td><td>Rennes, France<\/td><td>2018-06-29<\/td><td>2018-07-01<\/td><\/tr><tr ><td class=\"nwm-location-count\">13<\/td><td>Rouen, France<\/td><td>2018-07-01<\/td><td>2018-07-02<\/td><\/tr><tr ><td class=\"nwm-location-count\">14<\/td><td>Brussels, Belgium<\/td><td>2018-07-02<\/td><td>2018-07-05<\/td><\/tr><tr ><td class=\"nwm-location-count\">15<\/td><td>Amsterdam, Netherlands<\/td><td>2018-07-05<\/td><td>2018-07-08<\/td><\/tr><tr ><td class=\"nwm-location-count\">16<\/td><td>Cologne, Germany<\/td><td>2018-07-08<\/td><td>2018-07-10<\/td><\/tr><tr ><td class=\"nwm-location-count\">17<\/td><td>Luxembourg City, Luxembourg<\/td><td>2018-07-10<\/td><td>2018-07-11<\/td><\/tr><tr ><td class=\"nwm-location-count\">18<\/td><td>Strasbourg, France<\/td><td>2018-07-11<\/td><td>2018-07-13<\/td><\/tr><tr ><td class=\"nwm-location-count\">19<\/td><td>Besan\u00e7on, France<\/td><td>2018-07-13<\/td><td>2018-07-16<\/td><\/tr><tr ><td class=\"nwm-location-count\">20<\/td><td>Berlin, Germany<\/td><td>2018-07-16<\/td><td>2018-07-18<\/td><\/tr><tr ><td class=\"nwm-location-count\">21<\/td><td>Frankfurt, Germany<\/td><td>2018-07-18<\/td><td>2018-07-21<\/td><\/tr><tr ><td class=\"nwm-location-count\">22<\/td><td>Stuttgart, Germany<\/td><td>2018-07-21<\/td><td>2018-07-23<\/td><\/tr><tr ><td class=\"nwm-location-count\">23<\/td><td>Liechtenstein<\/td><td>2018-07-23<\/td><td>2018-07-24<\/td><\/tr><tr ><td class=\"nwm-location-count\">24<\/td><td>Munich, Germany<\/td><td>2018-07-24<\/td><td>2018-07-27<\/td><\/tr><tr ><td class=\"nwm-location-count\">25<\/td><td>Salzburg, Austria<\/td><td>2018-07-27<\/td><td>2018-07-29<\/td><\/tr><tr ><td class=\"nwm-location-count\">26<\/td><td>Linz, Austria<\/td><td>2018-07-29<\/td><td>2018-07-30<\/td><\/tr><tr ><td class=\"nwm-location-count\">27<\/td><td>Vienna, Austria<\/td><td>2018-07-30<\/td><td>2018-08-02<\/td><\/tr><tr ><td class=\"nwm-location-count\">28<\/td><td>Bratislava, Slovakia<\/td><td>2018-08-02<\/td><td>2018-08-03<\/td><\/tr><tr ><td class=\"nwm-location-count\">29<\/td><td>Budapest, Hungary<\/td><td>2018-08-03<\/td><td>2018-08-05<\/td><\/tr><tr ><td class=\"nwm-location-count\">30<\/td><td>Krak\u00f3w, Poland<\/td><td>2018-08-05<\/td><td>2018-08-07<\/td><\/tr><tr ><td class=\"nwm-location-count\">31<\/td><td>Brno, Czechia<\/td><td>2018-08-07<\/td><td>2018-08-08<\/td><\/tr><tr ><td class=\"nwm-location-count\">32<\/td><td>Prague, Czechia<\/td><td>2018-08-08<\/td><td>2018-08-11<\/td><\/tr><tr ><td class=\"nwm-location-count\">33<\/td><td>Dresde, Allemagne<\/td><td>2018-08-11<\/td><td>2018-08-13<\/td><\/tr><tr ><td class=\"nwm-location-count\">34<\/td><td>Berlin, Germany<\/td><td>2018-08-13<\/td><td>2018-08-15<\/td><\/tr><tr ><td class=\"nwm-location-count\">35<\/td><td>Sofia, Bulgaria<\/td><td>2018-08-15<\/td><td>2018-08-17<\/td><\/tr><tr ><td class=\"nwm-location-count\">36<\/td><td>Istanbul, Turkey<\/td><td>2018-08-17<\/td><td>2018-08-23<\/td><\/tr><tr ><td class=\"nwm-location-count\">37<\/td><td>Izmir, Turkey<\/td><td>2018-08-23<\/td><td>2018-08-26<\/td><\/tr><tr ><td class=\"nwm-location-count\">38<\/td><td>G\u00f6reme, Turkey<\/td><td>2018-08-26<\/td><td>2018-08-30<\/td><\/tr><tr ><td class=\"nwm-location-count\">39<\/td><td>Ankara, Turkey<\/td><td>2018-08-30<\/td><td>2018-09-01<\/td><\/tr><tr ><td class=\"nwm-location-count\">40<\/td><td>Istanbul, Turkey<\/td><td>2018-09-01<\/td><td>2018-09-03<\/td><\/tr><tr ><td class=\"nwm-location-count\">41<\/td><td>Larnaca, Cyprus<\/td><td>2018-09-03<\/td><td>2018-09-05<\/td><\/tr><tr ><td class=\"nwm-location-count\">42<\/td><td>Beirut, Lebanon<\/td><td>2018-09-05<\/td><td>2018-09-13<\/td><\/tr><tr ><td class=\"nwm-location-count\">43<\/td><td>Athens, Greece<\/td><td>2018-09-13<\/td><td>2018-09-15<\/td><\/tr><tr ><td class=\"nwm-location-count\">44<\/td><td>Meteoras, Greece<\/td><td>2018-09-15<\/td><td>2018-09-17<\/td><\/tr><tr ><td class=\"nwm-location-count\">45<\/td><td>Athens, Greece<\/td><td>2018-09-17<\/td><td>2018-09-19<\/td><\/tr><tr ><td class=\"nwm-location-count\">46<\/td><td>Mykonos, Mikonos, Greece<\/td><td>2018-09-19<\/td><td>2018-09-21<\/td><\/tr><tr ><td class=\"nwm-location-count\">47<\/td><td>Naxos, Greece<\/td><td>2018-09-21<\/td><td>2018-09-23<\/td><\/tr><tr ><td class=\"nwm-location-count\">48<\/td><td>Santorini, Greece<\/td><td>2018-09-23<\/td><td>2018-09-26<\/td><\/tr><tr ><td class=\"nwm-location-count\">49<\/td><td>Chania, Greece<\/td><td>2018-09-26<\/td><td>2018-09-29<\/td><\/tr><tr ><td class=\"nwm-location-count\">50<\/td><td>Paphos, Cyprus<\/td><td>2018-09-29<\/td><td>2018-10-03<\/td><\/tr><tr ><td class=\"nwm-location-count\">51<\/td><td>Tel Aviv-Yafo, Israel<\/td><td>2018-10-03<\/td><td>2018-10-04<\/td><\/tr><tr ><td class=\"nwm-location-count\">52<\/td><td>Jerusalem, Israel<\/td><td>2018-10-04<\/td><td>2018-10-08<\/td><\/tr><tr ><td class=\"nwm-location-count\">53<\/td><td>Ha\u00effa, Israel<\/td><td>2018-10-08<\/td><td>2018-10-11<\/td><\/tr><tr ><td class=\"nwm-location-count\">54<\/td><td>Wadi Rum Village, Jordan<\/td><td>2018-10-11<\/td><td>2018-10-12<\/td><\/tr><tr ><td class=\"nwm-location-count\">55<\/td><td>Petra, Jordan<\/td><td>2018-10-12<\/td><td>2018-10-15<\/td><\/tr><tr ><td class=\"nwm-location-count\">56<\/td><td>Amman, Jordan<\/td><td>2018-10-15<\/td><td>2018-10-18<\/td><\/tr><tr ><td class=\"nwm-location-count\">57<\/td><td>Abu Dhabi, United Arab Emirates<\/td><td>2018-10-18<\/td><td>2018-10-20<\/td><\/tr><tr ><td class=\"nwm-location-count\">58<\/td><td>Dubai, United Arab Emirates<\/td><td>2018-10-20<\/td><td>2018-10-25<\/td><\/tr><tr ><td class=\"nwm-location-count\">59<\/td><td>Muscat, Oman<\/td><td>2018-10-25<\/td><td>2018-10-28<\/td><\/tr><tr ><td class=\"nwm-location-count\">60<\/td><td>Al Ain, United Arab Emirates<\/td><td>2018-10-28<\/td><td>2018-10-30<\/td><\/tr><tr ><td class=\"nwm-location-count\">61<\/td><td>Abu Dhabi, United Arab Emirates<\/td><td>2018-10-30<\/td><td>2018-11-01<\/td><\/tr><tr ><td class=\"nwm-location-count\">62<\/td><td>New Delhi, India<\/td><td>2018-11-01<\/td><td>2018-11-03<\/td><\/tr><tr ><td class=\"nwm-location-count\">63<\/td><td>Agra, India<\/td><td>2018-11-03<\/td><td>2018-11-04<\/td><\/tr><tr ><td class=\"nwm-location-count\">64<\/td><td>Varanasi, India<\/td><td>2018-11-04<\/td><td>2018-11-07<\/td><\/tr><tr ><td class=\"nwm-location-count\">65<\/td><td>Khajuraho, India<\/td><td>2018-11-07<\/td><td>2018-11-09<\/td><\/tr><tr ><td class=\"nwm-location-count\">66<\/td><td>Orachha, India<\/td><td>2018-11-09<\/td><td>2018-11-10<\/td><\/tr><tr ><td class=\"nwm-location-count\">67<\/td><td>Bundi, India<\/td><td>2018-11-10<\/td><td>2018-11-11<\/td><\/tr><tr ><td class=\"nwm-location-count\">68<\/td><td>Udaipur, India<\/td><td>2018-11-11<\/td><td>2018-11-13<\/td><\/tr><tr ><td class=\"nwm-location-count\">69<\/td><td>Jodhpur, India<\/td><td>2018-11-13<\/td><td>2018-11-15<\/td><\/tr><tr ><td class=\"nwm-location-count\">70<\/td><td>Pushkar, India<\/td><td>2018-11-15<\/td><td>2018-11-16<\/td><\/tr><tr ><td class=\"nwm-location-count\">71<\/td><td>Jaipur, India<\/td><td>2018-11-16<\/td><td>2018-11-19<\/td><\/tr><tr ><td class=\"nwm-location-count\">72<\/td><td>Chiang Mai, Thailand<\/td><td>2018-11-19<\/td><td>2018-11-26<\/td><\/tr><tr ><td class=\"nwm-location-count\">73<\/td><td>Mueang Chiang Rai, Thailand<\/td><td>2018-11-26<\/td><td>2018-11-28<\/td><\/tr><tr ><td class=\"nwm-location-count\">74<\/td><td>Bangkok, Thailand<\/td><td>2018-11-28<\/td><td>2018-12-03<\/td><\/tr><tr ><td class=\"nwm-location-count\">75<\/td><td>Phuket, Thailand<\/td><td>2018-12-03<\/td><td>2018-12-14<\/td><\/tr><tr ><td class=\"nwm-location-count\">76<\/td><td>Yangon, Myanmar (Burma)<\/td><td>2018-12-14<\/td><td>2018-12-16<\/td><\/tr><tr ><td class=\"nwm-location-count\">77<\/td><td>Taungoo, Myanmar (Burma)<\/td><td>2018-12-16<\/td><td>2018-12-17<\/td><\/tr><tr ><td class=\"nwm-location-count\">78<\/td><td>Loikaw, Myanmar (Burma)<\/td><td>2018-12-17<\/td><td>2018-12-18<\/td><\/tr><tr ><td class=\"nwm-location-count\">79<\/td><td>Nyaungshwe, Myanmar (Burma)<\/td><td>2018-12-18<\/td><td>2018-12-20<\/td><\/tr><tr ><td class=\"nwm-location-count\">80<\/td><td>Mandalay, Myanmar (Burma)<\/td><td>2018-12-20<\/td><td>2018-12-22<\/td><\/tr><tr ><td class=\"nwm-location-count\">81<\/td><td>Old Bagan, Myanmar (Burma)<\/td><td>2018-12-22<\/td><td>2018-12-24<\/td><\/tr><tr ><td class=\"nwm-location-count\">82<\/td><td>Yangon, Myanmar (Burma)<\/td><td>2018-12-24<\/td><td>2018-12-26<\/td><\/tr><tr ><td class=\"nwm-location-count\">83<\/td><td>Krong Siem Reap, Cambodia<\/td><td>2018-12-26<\/td><td>2019-01-05<\/td><\/tr><tr ><td class=\"nwm-location-count\">84<\/td><td>Ho Chi Minh City, Vietnam<\/td><td>2019-01-05<\/td><td>2019-01-12<\/td><\/tr><tr ><td class=\"nwm-location-count\">85<\/td><td>Colombo, Sri Lanka<\/td><td>2019-01-12<\/td><td>2019-01-15<\/td><\/tr><tr ><td class=\"nwm-location-count\">86<\/td><td>Sigiriya, Sri Lanka<\/td><td>2019-01-15<\/td><td>2019-01-18<\/td><\/tr><tr ><td class=\"nwm-location-count\">87<\/td><td>Kandy, Sri Lanka<\/td><td>2019-01-18<\/td><td>2019-01-20<\/td><\/tr><tr ><td class=\"nwm-location-count\">88<\/td><td>Nuwara Eliya, Sri Lanka<\/td><td>2019-01-20<\/td><td>2019-01-21<\/td><\/tr><tr ><td class=\"nwm-location-count\">89<\/td><td>Ella, Sri Lanka<\/td><td>2019-01-21<\/td><td>2019-01-23<\/td><\/tr><tr ><td class=\"nwm-location-count\">90<\/td><td>Mirissa, Sri Lanka<\/td><td>2019-01-23<\/td><td>2019-01-26<\/td><\/tr><tr ><td class=\"nwm-location-count\">91<\/td><td>Colombo, Sri Lanka<\/td><td>2019-01-26<\/td><td>2019-01-29<\/td><\/tr><tr ><td class=\"nwm-location-count\">92<\/td><td>Palawan, Philippines<\/td><td>2019-01-29<\/td><td>2019-02-07<\/td><\/tr><tr ><td class=\"nwm-location-count\">93<\/td><td>Coron, Philippines<\/td><td>2019-02-07<\/td><td>2019-02-12<\/td><\/tr><tr ><td class=\"nwm-location-count\">94<\/td><td>Cebu City, Philippines<\/td><td>2019-02-12<\/td><td>2019-02-18<\/td><\/tr><tr ><td class=\"nwm-location-count\">95<\/td><td>Melbourne, Australia<\/td><td>2019-02-18<\/td><td>2019-02-20<\/td><\/tr><tr ><td class=\"nwm-location-count\">96<\/td><td>Alice Springs, Australia<\/td><td>2019-02-20<\/td><td>2019-02-23<\/td><\/tr><tr ><td class=\"nwm-location-count\">97<\/td><td>Sydney, Australia<\/td><td>2019-02-23<\/td><td>2019-02-26<\/td><\/tr><tr ><td class=\"nwm-location-count\">98<\/td><td>Brisbane, Australia<\/td><td>2019-02-26<\/td><td>2019-03-01<\/td><\/tr><tr ><td class=\"nwm-location-count\">99<\/td><td>Auckland, New Zealand<\/td><td>2019-03-01<\/td><td>2019-03-05<\/td><\/tr><tr ><td class=\"nwm-location-count\">100<\/td><td>Christchurch, New Zealand<\/td><td>2019-03-05<\/td><td>2019-03-12<\/td><\/tr><tr ><td class=\"nwm-location-count\">101<\/td><td>Nadi, Fiji<\/td><td>2019-03-12<\/td><td>2019-03-18<\/td><\/tr><tr ><td class=\"nwm-location-count\">102<\/td><td>Port Vila, Vanuatu<\/td><td>2019-03-18<\/td><td>2019-03-29<\/td><\/tr><tr ><td class=\"nwm-location-count\">103<\/td><td>Tokyo, Japan<\/td><td>2019-03-29<\/td><td>2019-04-07<\/td><\/tr><tr ><td class=\"nwm-location-count\">104<\/td><td>Kyoto, Japan<\/td><td>2019-04-07<\/td><td>2019-04-12<\/td><\/tr><tr ><td class=\"nwm-location-count\">105<\/td><td>Osaka, Japan<\/td><td>2019-04-12<\/td><td>2019-04-18<\/td><\/tr><tr ><td class=\"nwm-location-count\">106<\/td><td>Taipei, Taiwan<\/td><td>2019-04-18<\/td><td>2019-04-23<\/td><\/tr><tr ><td class=\"nwm-location-count\">107<\/td><td>Taitung City, Taiwan<\/td><td>2019-04-23<\/td><td>2019-04-25<\/td><\/tr><tr ><td class=\"nwm-location-count\">108<\/td><td>Taipei, Taiwan<\/td><td>2019-04-25<\/td><td>2019-04-26<\/td><\/tr><tr ><td class=\"nwm-location-count\">109<\/td><td>Hong Kong<\/td><td>2019-04-26<\/td><td>2019-05-06<\/td><\/tr><tr ><td class=\"nwm-location-count\">110<\/td><td>Macau<\/td><td>2019-05-06<\/td><td>2019-05-07<\/td><\/tr><tr ><td class=\"nwm-location-count\">111<\/td><td>Kuala Lumpur, Malaysia<\/td><td>2019-05-07<\/td><td>2019-05-09<\/td><\/tr><tr ><td class=\"nwm-location-count\">112<\/td><td>Kuching, Malaysia<\/td><td>2019-05-09<\/td><td>2019-05-13<\/td><\/tr><tr ><td class=\"nwm-location-count\">113<\/td><td>Kuala Lumpur, Malaysia<\/td><td>2019-05-13<\/td><td>2019-05-15<\/td><\/tr><tr ><td class=\"nwm-location-count\">114<\/td><td>Kuta, Indonesia<\/td><td>2019-05-15<\/td><td>2019-05-18<\/td><\/tr><tr ><td class=\"nwm-location-count\">115<\/td><td>Banjar, Indonesia<\/td><td>2019-05-18<\/td><td>2019-05-22<\/td><\/tr><tr ><td class=\"nwm-location-count\">116<\/td><td>Ubud, Indonesia<\/td><td>2019-05-22<\/td><td>2019-05-28<\/td><\/tr><tr ><td class=\"nwm-location-count\">117<\/td><td>Kuta Selatan, Indonesia<\/td><td>2019-05-28<\/td><td>2019-05-30<\/td><\/tr><tr ><td class=\"nwm-location-count\">118<\/td><td>Singapore<\/td><td>2019-05-30<\/td><td>2019-06-09<\/td><\/tr><tr ><td class=\"nwm-location-count\">119<\/td><td>Besan\u00e7on, France<\/td><td>2019-06-09<\/td><td>2019-06-16<\/td><\/tr><tr ><td class=\"nwm-location-count\">120<\/td><td>Marrakesh, Morocco<\/td><td>2019-06-16<\/td><td>2019-06-17<\/td><\/tr><tr ><td class=\"nwm-location-count\">121<\/td><td>Rabat, Morocco<\/td><td>2019-06-17<\/td><td>2019-06-19<\/td><\/tr><tr ><td class=\"nwm-location-count\">122<\/td><td>Tangier, Morocco<\/td><td>2019-06-19<\/td><td>2019-06-21<\/td><\/tr><tr ><td class=\"nwm-location-count\">123<\/td><td>Chefchaouen, Morocco<\/td><td>2019-06-21<\/td><td>2019-06-23<\/td><\/tr><tr ><td class=\"nwm-location-count\">124<\/td><td>Meknes, Morocco<\/td><td>2019-06-23<\/td><td>2019-06-24<\/td><\/tr><tr ><td class=\"nwm-location-count\">125<\/td><td>Fes, Morocco<\/td><td>2019-06-24<\/td><td>2019-06-26<\/td><\/tr><tr ><td class=\"nwm-location-count\">126<\/td><td>Merzouga, Morocco<\/td><td>2019-06-26<\/td><td>2019-06-28<\/td><\/tr><tr ><td class=\"nwm-location-count\">127<\/td><td>Ouarzazate, Morocco<\/td><td>2019-06-28<\/td><td>2019-06-29<\/td><\/tr><tr ><td class=\"nwm-location-count\">128<\/td><td>Marrakesh, Morocco<\/td><td>2019-06-29<\/td><td>2019-07-08<\/td><\/tr><tr ><td class=\"nwm-location-count\">129<\/td><td>Venice, Italy<\/td><td>2019-07-08<\/td><td>2019-07-10<\/td><\/tr><tr ><td class=\"nwm-location-count\">130<\/td><td>Zadar, Croatia<\/td><td>2019-07-10<\/td><td>2019-07-16<\/td><\/tr><tr ><td class=\"nwm-location-count\">131<\/td><td>Pula, Croatia<\/td><td>2019-07-16<\/td><td>2019-07-20<\/td><\/tr><tr ><td class=\"nwm-location-count\">132<\/td><td>Milan, Italy<\/td><td>2019-07-20<\/td><td>2019-07-22<\/td><\/tr><tr ><td class=\"nwm-location-count\">133<\/td><td>Madrid, Spain<\/td><td>2019-07-22<\/td><td>2019-07-26<\/td><\/tr><tr ><td class=\"nwm-location-count\">134<\/td><td>Valencia, Spain<\/td><td>2019-07-26<\/td><td>2019-07-28<\/td><\/tr><tr ><td class=\"nwm-location-count\">135<\/td><td>Murcia, Spain<\/td><td>2019-07-28<\/td><td>2019-07-29<\/td><\/tr><tr ><td class=\"nwm-location-count\">136<\/td><td>Granada, Spain<\/td><td>2019-07-29<\/td><td>2019-07-31<\/td><\/tr><tr ><td class=\"nwm-location-count\">137<\/td><td>Gibraltar<\/td><td>2019-07-31<\/td><td>2019-08-02<\/td><\/tr><tr ><td class=\"nwm-location-count\">138<\/td><td>C\u00f3rdoba, Spain<\/td><td>2019-08-02<\/td><td>2019-08-04<\/td><\/tr><tr ><td class=\"nwm-location-count\">139<\/td><td>Seville, Spain<\/td><td>2019-08-04<\/td><td>2019-08-06<\/td><\/tr><tr ><td class=\"nwm-location-count\">140<\/td><td>Lisbon, Portugal<\/td><td>2019-08-06<\/td><td>2019-08-09<\/td><\/tr><tr ><td class=\"nwm-location-count\">141<\/td><td>Porto, Portugal<\/td><td>2019-08-09<\/td><td>2019-08-11<\/td><\/tr><tr ><td class=\"nwm-location-count\">142<\/td><td>Madrid, Spain<\/td><td>2019-08-11<\/td><td>2019-08-12<\/td><\/tr><tr ><td class=\"nwm-location-count\">143<\/td><td>Paris, France<\/td><td>2019-08-12<\/td><td>2019-08-15<\/td><\/tr><tr ><td class=\"nwm-location-count\">144<\/td><td>Montreal, Canada<\/td><td>2019-08-15<\/td><td>2019-08-16<\/td><\/tr><tr ><td class=\"nwm-location-count\">145<\/td><td>Qu\u00e9bec City, Canada<\/td><td>2019-08-16<\/td><td> - <\/td><\/tr><\/tbody><\/table>\n","protected":false},"excerpt":{"rendered":"<p>Le projet des Wonderlusters prit naissance au mois de novembre 2017, lorsque Poly et Jessica d\u00e9cid\u00e8rent de partir pour un tour du monde avec&hellip;<\/p>\n","protected":false},"author":2,"featured_media":1583,"parent":0,"menu_order":0,"comment_status":"open","ping_status":"closed","template":"page-penci-full-width.php","meta":{"_lmt_disableupdate":"no","_lmt_disable":"","footnotes":""},"class_list":["post-1370","page","type-page","status-publish","has-post-thumbnail","hentry"],"jetpack_sharing_enabled":true,"_links":{"self":[{"href":"https:\/\/thewonderlusters.com\/fr\/wp-json\/wp\/v2\/pages\/1370","targetHints":{"allow":["GET"]}}],"collection":[{"href":"https:\/\/thewonderlusters.com\/fr\/wp-json\/wp\/v2\/pages"}],"about":[{"href":"https:\/\/thewonderlusters.com\/fr\/wp-json\/wp\/v2\/types\/page"}],"author":[{"embeddable":true,"href":"https:\/\/thewonderlusters.com\/fr\/wp-json\/wp\/v2\/users\/2"}],"replies":[{"embeddable":true,"href":"https:\/\/thewonderlusters.com\/fr\/wp-json\/wp\/v2\/comments?post=1370"}],"version-history":[{"count":0,"href":"https:\/\/thewonderlusters.com\/fr\/wp-json\/wp\/v2\/pages\/1370\/revisions"}],"wp:featuredmedia":[{"embeddable":true,"href":"https:\/\/thewonderlusters.com\/fr\/wp-json\/wp\/v2\/media\/1583"}],"wp:attachment":[{"href":"https:\/\/thewonderlusters.com\/fr\/wp-json\/wp\/v2\/media?parent=1370"}],"curies":[{"name":"wp","href":"https:\/\/api.w.org\/{rel}","templated":true}]}}