{"id":38891,"date":"2020-02-16T23:45:26","date_gmt":"2020-02-17T04:45:26","guid":{"rendered":"https:\/\/thewonderlusters.com\/photos\/liechtenstein\/"},"modified":"2020-04-21T14:42:21","modified_gmt":"2020-04-21T19:42:21","slug":"liechtenstein","status":"publish","type":"page","link":"https:\/\/thewonderlusters.com\/fr\/photos\/liechtenstein\/","title":{"rendered":"Photos gratuites du Liechtenstein"},"content":{"rendered":"<p>Ces <strong>photos gratuites du Liechtenstein <\/strong>font partie d'une collection de <strong>plus de 15 000 <a href=\"https:\/\/thewonderlusters.com\/fr\/photos\/\">photos de voyage gratuites<\/a><\/strong> du monde entier. Elles peuvent \u00eatre utilis\u00e9es et redistribu\u00e9es pour alimenter un blog personnel ou un site web commercial.<\/p>\r\n<p><strong>T\u00e9l\u00e9chargez toutes les images qui vous plaisent et n'oubliez pas de parcourir les autres destinations !<\/strong> Pour t\u00e9l\u00e9charger une image, il suffit de cliquer sur celle-ci et un bouton de t\u00e9l\u00e9chargement appara\u00eetra. Toutes les photos sont prises par moi. Si vous d\u00e9sirez une version de ces photos avec une r\u00e9solution plus \u00e9lev\u00e9e, <strong><a href=\"https:\/\/thewonderlusters.com\/fr\/contact\/\" rel=\"nofollow\">contactez-moi<\/a><\/strong> pour conna\u00eetre le tarif de la redevance.<\/p>\r\n<p>Toutes les images sont mises \u00e0 disposition sous la <a href=\"https:\/\/thewonderlusters.com\/fr\/licence-photo\/\" rel=\"nofollow\"><strong>licence CC BY-ND<\/strong><\/a>.\u00a0Vous \u00eates libre de faire usage de <strong>toutes les photos de cette page<\/strong>.\u00a0 C'est absolument gratuit mais assurez-vous de <strong>nous cr\u00e9diter<\/strong> en copiant et en collant le code indiqu\u00e9 ci-dessous :<\/p>\r\n<pre>Photo: Courtoisie de &lt;a href=\"https:\/\/thewonderlusters.com\/fr\/\" target=\"_blank\"&gt;The Wonderlusters&lt;\/a&gt;<\/pre>\n<p>\u21d2 Pour en savoir plus sur le <a href=\"https:\/\/thewonderlusters.com\/fr\/visite-allemagne-chiffres-photos\/\" rel=\"nofollow\">Liechtenstein<\/a><\/p>\n\n\t\t<style type=\"text\/css\">\n\t\t\t#gallery-1 {\n\t\t\t\tmargin: auto;\n\t\t\t}\n\t\t\t#gallery-1 .gallery-item {\n\t\t\t\tfloat: left;\n\t\t\t\tmargin-top: 10px;\n\t\t\t\ttext-align: center;\n\t\t\t\twidth: 33%;\n\t\t\t}\n\t\t\t#gallery-1 img {\n\t\t\t\tborder: 2px solid #cfcfcf;\n\t\t\t}\n\t\t\t#gallery-1 .gallery-caption {\n\t\t\t\tmargin-left: 0;\n\t\t\t}\n\t\t\t\/* see gallery_shortcode() in wp-includes\/media.php *\/\n\t\t<\/style>\n\t\t<div id='gallery-1' class='gallery galleryid-38891 gallery-columns-3 gallery-size-medium'><dl class='gallery-item'>\n\t\t\t<dt class='gallery-icon landscape'>\n\t\t\t\t<img fetchpriority=\"high\" decoding=\"async\" width=\"780\" height=\"520\" src=\"https:\/\/i0.wp.com\/thewonderlusters.com\/wp-content\/uploads\/2020\/02\/Liechtenstein\/Liechtenstein-Vaduz-6.jpg?fit=780%2C520&amp;ssl=1\" class=\"attachment-medium size-medium\" alt=\"Liechtenstein Vaduz 6\" aria-describedby=\"gallery-1-18213\" \/>\n\t\t\t<\/dt>\n\t\t\t\t<dd class='wp-caption-text gallery-caption' id='gallery-1-18213'>\n\t\t\t\tLiechtenstein Vaduz 6\n\t\t\t\t<\/dd><\/dl><dl class='gallery-item'>\n\t\t\t<dt class='gallery-icon portrait'>\n\t\t\t\t<img decoding=\"async\" width=\"780\" height=\"1170\" src=\"https:\/\/i0.wp.com\/thewonderlusters.com\/wp-content\/uploads\/2020\/02\/Liechtenstein\/Liechtenstein-Vaduz-5.jpg?fit=780%2C1170&amp;ssl=1\" class=\"attachment-medium size-medium\" alt=\"Liechtenstein Vaduz 5\" aria-describedby=\"gallery-1-18211\" \/>\n\t\t\t<\/dt>\n\t\t\t\t<dd class='wp-caption-text gallery-caption' id='gallery-1-18211'>\n\t\t\t\tLiechtenstein Vaduz 5\n\t\t\t\t<\/dd><\/dl><dl class='gallery-item'>\n\t\t\t<dt class='gallery-icon landscape'>\n\t\t\t\t<img decoding=\"async\" width=\"780\" height=\"520\" src=\"https:\/\/i0.wp.com\/thewonderlusters.com\/wp-content\/uploads\/2020\/02\/Liechtenstein\/Liechtenstein-Vaduz-4.jpg?fit=780%2C520&amp;ssl=1\" class=\"attachment-medium size-medium\" alt=\"Liechtenstein Vaduz 4\" aria-describedby=\"gallery-1-18209\" \/>\n\t\t\t<\/dt>\n\t\t\t\t<dd class='wp-caption-text gallery-caption' id='gallery-1-18209'>\n\t\t\t\tLiechtenstein Vaduz 4\n\t\t\t\t<\/dd><\/dl><br style=\"clear: both\" \/><dl class='gallery-item'>\n\t\t\t<dt class='gallery-icon landscape'>\n\t\t\t\t<img loading=\"lazy\" decoding=\"async\" width=\"780\" height=\"520\" src=\"https:\/\/i0.wp.com\/thewonderlusters.com\/wp-content\/uploads\/2020\/02\/Liechtenstein\/Liechtenstein-Vaduz-3.jpg?fit=780%2C520&amp;ssl=1\" class=\"attachment-medium size-medium\" alt=\"Liechtenstein Vaduz 3\" aria-describedby=\"gallery-1-18207\" \/>\n\t\t\t<\/dt>\n\t\t\t\t<dd class='wp-caption-text gallery-caption' id='gallery-1-18207'>\n\t\t\t\tLiechtenstein Vaduz 3\n\t\t\t\t<\/dd><\/dl><dl class='gallery-item'>\n\t\t\t<dt class='gallery-icon landscape'>\n\t\t\t\t<img loading=\"lazy\" decoding=\"async\" width=\"780\" height=\"520\" src=\"https:\/\/i0.wp.com\/thewonderlusters.com\/wp-content\/uploads\/2020\/02\/Liechtenstein\/Liechtenstein-Vaduz-2.jpg?fit=780%2C520&amp;ssl=1\" class=\"attachment-medium size-medium\" alt=\"Liechtenstein Vaduz 2\" aria-describedby=\"gallery-1-18205\" \/>\n\t\t\t<\/dt>\n\t\t\t\t<dd class='wp-caption-text gallery-caption' id='gallery-1-18205'>\n\t\t\t\tLiechtenstein Vaduz 2\n\t\t\t\t<\/dd><\/dl><dl class='gallery-item'>\n\t\t\t<dt class='gallery-icon landscape'>\n\t\t\t\t<img loading=\"lazy\" decoding=\"async\" width=\"780\" height=\"520\" src=\"https:\/\/i0.wp.com\/thewonderlusters.com\/wp-content\/uploads\/2020\/02\/Liechtenstein\/Liechtenstein-Vaduz-1.jpg?fit=780%2C520&amp;ssl=1\" class=\"attachment-medium size-medium\" alt=\"Liechtenstein Vaduz 1\" aria-describedby=\"gallery-1-18203\" \/>\n\t\t\t<\/dt>\n\t\t\t\t<dd class='wp-caption-text gallery-caption' id='gallery-1-18203'>\n\t\t\t\tLiechtenstein Vaduz 1\n\t\t\t\t<\/dd><\/dl><br style=\"clear: both\" \/>\n\t\t<\/div>\n\n","protected":false},"excerpt":{"rendered":"<p>\u21d2 Pour en savoir plus sur le Liechtenstein<\/p>\n","protected":false},"author":2,"featured_media":3579,"parent":38751,"menu_order":0,"comment_status":"closed","ping_status":"closed","template":"","meta":{"_lmt_disableupdate":"no","_lmt_disable":"","footnotes":""},"class_list":["post-38891","page","type-page","status-publish","has-post-thumbnail","hentry"],"jetpack_sharing_enabled":true,"_links":{"self":[{"href":"https:\/\/thewonderlusters.com\/fr\/wp-json\/wp\/v2\/pages\/38891","targetHints":{"allow":["GET"]}}],"collection":[{"href":"https:\/\/thewonderlusters.com\/fr\/wp-json\/wp\/v2\/pages"}],"about":[{"href":"https:\/\/thewonderlusters.com\/fr\/wp-json\/wp\/v2\/types\/page"}],"author":[{"embeddable":true,"href":"https:\/\/thewonderlusters.com\/fr\/wp-json\/wp\/v2\/users\/2"}],"replies":[{"embeddable":true,"href":"https:\/\/thewonderlusters.com\/fr\/wp-json\/wp\/v2\/comments?post=38891"}],"version-history":[{"count":0,"href":"https:\/\/thewonderlusters.com\/fr\/wp-json\/wp\/v2\/pages\/38891\/revisions"}],"up":[{"embeddable":true,"href":"https:\/\/thewonderlusters.com\/fr\/wp-json\/wp\/v2\/pages\/38751"}],"wp:featuredmedia":[{"embeddable":true,"href":"https:\/\/thewonderlusters.com\/fr\/wp-json\/wp\/v2\/media\/3579"}],"wp:attachment":[{"href":"https:\/\/thewonderlusters.com\/fr\/wp-json\/wp\/v2\/media?parent=38891"}],"curies":[{"name":"wp","href":"https:\/\/api.w.org\/{rel}","templated":true}]}}