{"id":38902,"date":"2020-02-17T21:00:23","date_gmt":"2020-02-18T02:00:23","guid":{"rendered":"https:\/\/thewonderlusters.com\/photos\/slovakia\/"},"modified":"2020-04-21T15:25:11","modified_gmt":"2020-04-21T20:25:11","slug":"slovaquie","status":"publish","type":"page","link":"https:\/\/thewonderlusters.com\/fr\/photos\/slovaquie\/","title":{"rendered":"Photos gratuites de la Slovaquie"},"content":{"rendered":"<p>Ces <strong>photos gratuites de la Slovaquie <\/strong>font partie d'une collection de <strong>plus de 15 000 <a href=\"https:\/\/thewonderlusters.com\/fr\/photos\/\">photos de voyage gratuites<\/a><\/strong> du monde entier. Elles peuvent \u00eatre utilis\u00e9es et redistribu\u00e9es pour alimenter un blog personnel ou un site web commercial.<\/p>\r\n<p><strong>T\u00e9l\u00e9chargez toutes les images qui vous plaisent et n'oubliez pas de parcourir les autres destinations !<\/strong> Pour t\u00e9l\u00e9charger une image, il suffit de cliquer sur celle-ci et un bouton de t\u00e9l\u00e9chargement appara\u00eetra. Toutes les photos sont prises par moi. Si vous d\u00e9sirez une version de ces photos avec une r\u00e9solution plus \u00e9lev\u00e9e, <strong><a href=\"https:\/\/thewonderlusters.com\/fr\/contact\/\" rel=\"nofollow\">contactez-moi<\/a><\/strong> pour conna\u00eetre le tarif de la redevance.<\/p>\r\n<p>Toutes les images sont mises \u00e0 disposition sous la <a href=\"https:\/\/thewonderlusters.com\/fr\/licence-photo\/\" rel=\"nofollow\"><strong>licence CC BY-ND<\/strong><\/a>.\u00a0Vous \u00eates libre de faire usage de <strong>toutes les photos de cette page<\/strong>.\u00a0 C'est absolument gratuit mais assurez-vous de <strong>nous cr\u00e9diter<\/strong> en copiant et en collant le code indiqu\u00e9 ci-dessous :<\/p>\r\n<pre>Photo: Courtoisie de &lt;a href=\"https:\/\/thewonderlusters.com\/fr\/\" target=\"_blank\"&gt;The Wonderlusters&lt;\/a&gt;<\/pre>\n<p>\u21d2 Pour en savoir plus sur la <a href=\"https:\/\/thewonderlusters.com\/fr\/visite-europe-centrale-chiffres-photos\/\" rel=\"nofollow\">Slovaquie<\/a><\/p>\n\n\t\t<style type=\"text\/css\">\n\t\t\t#gallery-1 {\n\t\t\t\tmargin: auto;\n\t\t\t}\n\t\t\t#gallery-1 .gallery-item {\n\t\t\t\tfloat: left;\n\t\t\t\tmargin-top: 10px;\n\t\t\t\ttext-align: center;\n\t\t\t\twidth: 33%;\n\t\t\t}\n\t\t\t#gallery-1 img {\n\t\t\t\tborder: 2px solid #cfcfcf;\n\t\t\t}\n\t\t\t#gallery-1 .gallery-caption {\n\t\t\t\tmargin-left: 0;\n\t\t\t}\n\t\t\t\/* see gallery_shortcode() in wp-includes\/media.php *\/\n\t\t<\/style>\n\t\t<div id='gallery-1' class='gallery galleryid-38902 gallery-columns-3 gallery-size-medium'><dl class='gallery-item'>\n\t\t\t<dt class='gallery-icon landscape'>\n\t\t\t\t<img fetchpriority=\"high\" decoding=\"async\" width=\"780\" height=\"520\" src=\"https:\/\/i0.wp.com\/thewonderlusters.com\/wp-content\/uploads\/2020\/02\/Slovakia\/Slovakia-Bratislava-22.jpg?fit=780%2C520&amp;ssl=1\" class=\"attachment-medium size-medium\" alt=\"Slovakia Bratislava 22\" aria-describedby=\"gallery-1-19189\" \/>\n\t\t\t<\/dt>\n\t\t\t\t<dd class='wp-caption-text gallery-caption' id='gallery-1-19189'>\n\t\t\t\tSlovakia Bratislava 22\n\t\t\t\t<\/dd><\/dl><dl class='gallery-item'>\n\t\t\t<dt class='gallery-icon landscape'>\n\t\t\t\t<img decoding=\"async\" width=\"780\" height=\"520\" src=\"https:\/\/i0.wp.com\/thewonderlusters.com\/wp-content\/uploads\/2020\/02\/Slovakia\/Slovakia-Bratislava-21.jpg?fit=780%2C520&amp;ssl=1\" class=\"attachment-medium size-medium\" alt=\"Slovakia Bratislava 21\" aria-describedby=\"gallery-1-19187\" \/>\n\t\t\t<\/dt>\n\t\t\t\t<dd class='wp-caption-text gallery-caption' id='gallery-1-19187'>\n\t\t\t\tSlovakia Bratislava 21\n\t\t\t\t<\/dd><\/dl><dl class='gallery-item'>\n\t\t\t<dt class='gallery-icon landscape'>\n\t\t\t\t<img decoding=\"async\" width=\"780\" height=\"520\" src=\"https:\/\/i0.wp.com\/thewonderlusters.com\/wp-content\/uploads\/2020\/02\/Slovakia\/Slovakia-Bratislava-20.jpg?fit=780%2C520&amp;ssl=1\" class=\"attachment-medium size-medium\" alt=\"Slovakia Bratislava 20\" aria-describedby=\"gallery-1-19185\" \/>\n\t\t\t<\/dt>\n\t\t\t\t<dd class='wp-caption-text gallery-caption' id='gallery-1-19185'>\n\t\t\t\tSlovakia Bratislava 20\n\t\t\t\t<\/dd><\/dl><br style=\"clear: both\" \/><dl class='gallery-item'>\n\t\t\t<dt class='gallery-icon landscape'>\n\t\t\t\t<img loading=\"lazy\" decoding=\"async\" width=\"780\" height=\"520\" src=\"https:\/\/i0.wp.com\/thewonderlusters.com\/wp-content\/uploads\/2020\/02\/Slovakia\/Slovakia-Bratislava-19.jpg?fit=780%2C520&amp;ssl=1\" class=\"attachment-medium size-medium\" alt=\"Slovakia Bratislava 19\" aria-describedby=\"gallery-1-19183\" \/>\n\t\t\t<\/dt>\n\t\t\t\t<dd class='wp-caption-text gallery-caption' id='gallery-1-19183'>\n\t\t\t\tSlovakia Bratislava 19\n\t\t\t\t<\/dd><\/dl><dl class='gallery-item'>\n\t\t\t<dt class='gallery-icon landscape'>\n\t\t\t\t<img loading=\"lazy\" decoding=\"async\" width=\"780\" height=\"520\" src=\"https:\/\/i0.wp.com\/thewonderlusters.com\/wp-content\/uploads\/2020\/02\/Slovakia\/Slovakia-Bratislava-18.jpg?fit=780%2C520&amp;ssl=1\" class=\"attachment-medium size-medium\" alt=\"Slovakia Bratislava 18\" aria-describedby=\"gallery-1-19181\" \/>\n\t\t\t<\/dt>\n\t\t\t\t<dd class='wp-caption-text gallery-caption' id='gallery-1-19181'>\n\t\t\t\tSlovakia Bratislava 18\n\t\t\t\t<\/dd><\/dl><dl class='gallery-item'>\n\t\t\t<dt class='gallery-icon landscape'>\n\t\t\t\t<img loading=\"lazy\" decoding=\"async\" width=\"780\" height=\"520\" src=\"https:\/\/i0.wp.com\/thewonderlusters.com\/wp-content\/uploads\/2020\/02\/Slovakia\/Slovakia-Bratislava-17.jpg?fit=780%2C520&amp;ssl=1\" class=\"attachment-medium size-medium\" alt=\"Slovakia Bratislava 17\" aria-describedby=\"gallery-1-19179\" \/>\n\t\t\t<\/dt>\n\t\t\t\t<dd class='wp-caption-text gallery-caption' id='gallery-1-19179'>\n\t\t\t\tSlovakia Bratislava 17\n\t\t\t\t<\/dd><\/dl><br style=\"clear: both\" \/><dl class='gallery-item'>\n\t\t\t<dt class='gallery-icon portrait'>\n\t\t\t\t<img loading=\"lazy\" decoding=\"async\" width=\"780\" height=\"1170\" src=\"https:\/\/i0.wp.com\/thewonderlusters.com\/wp-content\/uploads\/2020\/02\/Slovakia\/Slovakia-Bratislava-16.jpg?fit=780%2C1170&amp;ssl=1\" class=\"attachment-medium size-medium\" alt=\"Slovakia Bratislava 16\" aria-describedby=\"gallery-1-19177\" \/>\n\t\t\t<\/dt>\n\t\t\t\t<dd class='wp-caption-text gallery-caption' id='gallery-1-19177'>\n\t\t\t\tSlovakia Bratislava 16\n\t\t\t\t<\/dd><\/dl><dl class='gallery-item'>\n\t\t\t<dt class='gallery-icon landscape'>\n\t\t\t\t<img loading=\"lazy\" decoding=\"async\" width=\"780\" height=\"520\" src=\"https:\/\/i0.wp.com\/thewonderlusters.com\/wp-content\/uploads\/2020\/02\/Slovakia\/Slovakia-Bratislava-15.jpg?fit=780%2C520&amp;ssl=1\" class=\"attachment-medium size-medium\" alt=\"Slovakia Bratislava 15\" aria-describedby=\"gallery-1-19175\" \/>\n\t\t\t<\/dt>\n\t\t\t\t<dd class='wp-caption-text gallery-caption' id='gallery-1-19175'>\n\t\t\t\tSlovakia Bratislava 15\n\t\t\t\t<\/dd><\/dl><dl class='gallery-item'>\n\t\t\t<dt class='gallery-icon landscape'>\n\t\t\t\t<img loading=\"lazy\" decoding=\"async\" width=\"780\" height=\"520\" src=\"https:\/\/i0.wp.com\/thewonderlusters.com\/wp-content\/uploads\/2020\/02\/Slovakia\/Slovakia-Bratislava-14.jpg?fit=780%2C520&amp;ssl=1\" class=\"attachment-medium size-medium\" alt=\"Slovakia Bratislava 14\" aria-describedby=\"gallery-1-19173\" \/>\n\t\t\t<\/dt>\n\t\t\t\t<dd class='wp-caption-text gallery-caption' id='gallery-1-19173'>\n\t\t\t\tSlovakia Bratislava 14\n\t\t\t\t<\/dd><\/dl><br style=\"clear: both\" \/><dl class='gallery-item'>\n\t\t\t<dt class='gallery-icon landscape'>\n\t\t\t\t<img loading=\"lazy\" decoding=\"async\" width=\"780\" height=\"520\" src=\"https:\/\/i0.wp.com\/thewonderlusters.com\/wp-content\/uploads\/2020\/02\/Slovakia\/Slovakia-Bratislava-13.jpg?fit=780%2C520&amp;ssl=1\" class=\"attachment-medium size-medium\" alt=\"Slovakia Bratislava 13\" aria-describedby=\"gallery-1-19171\" \/>\n\t\t\t<\/dt>\n\t\t\t\t<dd class='wp-caption-text gallery-caption' id='gallery-1-19171'>\n\t\t\t\tSlovakia Bratislava 13\n\t\t\t\t<\/dd><\/dl><dl class='gallery-item'>\n\t\t\t<dt class='gallery-icon landscape'>\n\t\t\t\t<img loading=\"lazy\" decoding=\"async\" width=\"780\" height=\"520\" src=\"https:\/\/i0.wp.com\/thewonderlusters.com\/wp-content\/uploads\/2020\/02\/Slovakia\/Slovakia-Bratislava-12.jpg?fit=780%2C520&amp;ssl=1\" class=\"attachment-medium size-medium\" alt=\"Slovakia Bratislava 12\" aria-describedby=\"gallery-1-19169\" \/>\n\t\t\t<\/dt>\n\t\t\t\t<dd class='wp-caption-text gallery-caption' id='gallery-1-19169'>\n\t\t\t\tSlovakia Bratislava 12\n\t\t\t\t<\/dd><\/dl><dl class='gallery-item'>\n\t\t\t<dt class='gallery-icon landscape'>\n\t\t\t\t<img loading=\"lazy\" decoding=\"async\" width=\"780\" height=\"520\" src=\"https:\/\/i0.wp.com\/thewonderlusters.com\/wp-content\/uploads\/2020\/02\/Slovakia\/Slovakia-Bratislava-11.jpg?fit=780%2C520&amp;ssl=1\" class=\"attachment-medium size-medium\" alt=\"Slovakia Bratislava 11\" aria-describedby=\"gallery-1-19167\" \/>\n\t\t\t<\/dt>\n\t\t\t\t<dd class='wp-caption-text gallery-caption' id='gallery-1-19167'>\n\t\t\t\tSlovakia Bratislava 11\n\t\t\t\t<\/dd><\/dl><br style=\"clear: both\" \/><dl class='gallery-item'>\n\t\t\t<dt class='gallery-icon landscape'>\n\t\t\t\t<img loading=\"lazy\" decoding=\"async\" width=\"780\" height=\"520\" src=\"https:\/\/i0.wp.com\/thewonderlusters.com\/wp-content\/uploads\/2020\/02\/Slovakia\/Slovakia-Bratislava-10.jpg?fit=780%2C520&amp;ssl=1\" class=\"attachment-medium size-medium\" alt=\"Slovakia Bratislava 10\" aria-describedby=\"gallery-1-19165\" \/>\n\t\t\t<\/dt>\n\t\t\t\t<dd class='wp-caption-text gallery-caption' id='gallery-1-19165'>\n\t\t\t\tSlovakia Bratislava 10\n\t\t\t\t<\/dd><\/dl><dl class='gallery-item'>\n\t\t\t<dt class='gallery-icon landscape'>\n\t\t\t\t<img loading=\"lazy\" decoding=\"async\" width=\"780\" height=\"520\" src=\"https:\/\/i0.wp.com\/thewonderlusters.com\/wp-content\/uploads\/2020\/02\/Slovakia\/Slovakia-Bratislava-09.jpg?fit=780%2C520&amp;ssl=1\" class=\"attachment-medium size-medium\" alt=\"Slovakia Bratislava 09\" aria-describedby=\"gallery-1-19163\" \/>\n\t\t\t<\/dt>\n\t\t\t\t<dd class='wp-caption-text gallery-caption' id='gallery-1-19163'>\n\t\t\t\tSlovakia Bratislava 09\n\t\t\t\t<\/dd><\/dl><dl class='gallery-item'>\n\t\t\t<dt class='gallery-icon landscape'>\n\t\t\t\t<img loading=\"lazy\" decoding=\"async\" width=\"780\" height=\"520\" src=\"https:\/\/i0.wp.com\/thewonderlusters.com\/wp-content\/uploads\/2020\/02\/Slovakia\/Slovakia-Bratislava-08.jpg?fit=780%2C520&amp;ssl=1\" class=\"attachment-medium size-medium\" alt=\"Slovakia Bratislava 08\" aria-describedby=\"gallery-1-19161\" \/>\n\t\t\t<\/dt>\n\t\t\t\t<dd class='wp-caption-text gallery-caption' id='gallery-1-19161'>\n\t\t\t\tSlovakia Bratislava 08\n\t\t\t\t<\/dd><\/dl><br style=\"clear: both\" \/><dl class='gallery-item'>\n\t\t\t<dt class='gallery-icon landscape'>\n\t\t\t\t<img loading=\"lazy\" decoding=\"async\" width=\"780\" height=\"520\" src=\"https:\/\/i0.wp.com\/thewonderlusters.com\/wp-content\/uploads\/2020\/02\/Slovakia\/Slovakia-Bratislava-07.jpg?fit=780%2C520&amp;ssl=1\" class=\"attachment-medium size-medium\" alt=\"Slovakia Bratislava 07\" aria-describedby=\"gallery-1-19159\" \/>\n\t\t\t<\/dt>\n\t\t\t\t<dd class='wp-caption-text gallery-caption' id='gallery-1-19159'>\n\t\t\t\tSlovakia Bratislava 07\n\t\t\t\t<\/dd><\/dl><dl class='gallery-item'>\n\t\t\t<dt class='gallery-icon landscape'>\n\t\t\t\t<img loading=\"lazy\" decoding=\"async\" width=\"780\" height=\"520\" src=\"https:\/\/i0.wp.com\/thewonderlusters.com\/wp-content\/uploads\/2020\/02\/Slovakia\/Slovakia-Bratislava-06.jpg?fit=780%2C520&amp;ssl=1\" class=\"attachment-medium size-medium\" alt=\"Slovakia Bratislava 06\" aria-describedby=\"gallery-1-19157\" \/>\n\t\t\t<\/dt>\n\t\t\t\t<dd class='wp-caption-text gallery-caption' id='gallery-1-19157'>\n\t\t\t\tSlovakia Bratislava 06\n\t\t\t\t<\/dd><\/dl><dl class='gallery-item'>\n\t\t\t<dt class='gallery-icon landscape'>\n\t\t\t\t<img loading=\"lazy\" decoding=\"async\" width=\"780\" height=\"520\" src=\"https:\/\/i0.wp.com\/thewonderlusters.com\/wp-content\/uploads\/2020\/02\/Slovakia\/Slovakia-Bratislava-05.jpg?fit=780%2C520&amp;ssl=1\" class=\"attachment-medium size-medium\" alt=\"Slovakia Bratislava 05\" aria-describedby=\"gallery-1-19155\" \/>\n\t\t\t<\/dt>\n\t\t\t\t<dd class='wp-caption-text gallery-caption' id='gallery-1-19155'>\n\t\t\t\tSlovakia Bratislava 05\n\t\t\t\t<\/dd><\/dl><br style=\"clear: both\" \/><dl class='gallery-item'>\n\t\t\t<dt class='gallery-icon landscape'>\n\t\t\t\t<img loading=\"lazy\" decoding=\"async\" width=\"780\" height=\"520\" src=\"https:\/\/i0.wp.com\/thewonderlusters.com\/wp-content\/uploads\/2020\/02\/Slovakia\/Slovakia-Bratislava-04.jpg?fit=780%2C520&amp;ssl=1\" class=\"attachment-medium size-medium\" alt=\"Slovakia Bratislava 04\" aria-describedby=\"gallery-1-19153\" \/>\n\t\t\t<\/dt>\n\t\t\t\t<dd class='wp-caption-text gallery-caption' id='gallery-1-19153'>\n\t\t\t\tSlovakia Bratislava 04\n\t\t\t\t<\/dd><\/dl><dl class='gallery-item'>\n\t\t\t<dt class='gallery-icon landscape'>\n\t\t\t\t<img loading=\"lazy\" decoding=\"async\" width=\"780\" height=\"520\" src=\"https:\/\/i0.wp.com\/thewonderlusters.com\/wp-content\/uploads\/2020\/02\/Slovakia\/Slovakia-Bratislava-03.jpg?fit=780%2C520&amp;ssl=1\" class=\"attachment-medium size-medium\" alt=\"Slovakia Bratislava 03\" aria-describedby=\"gallery-1-19151\" \/>\n\t\t\t<\/dt>\n\t\t\t\t<dd class='wp-caption-text gallery-caption' id='gallery-1-19151'>\n\t\t\t\tSlovakia Bratislava 03\n\t\t\t\t<\/dd><\/dl><dl class='gallery-item'>\n\t\t\t<dt class='gallery-icon landscape'>\n\t\t\t\t<img loading=\"lazy\" decoding=\"async\" width=\"780\" height=\"520\" src=\"https:\/\/i0.wp.com\/thewonderlusters.com\/wp-content\/uploads\/2020\/02\/Slovakia\/Slovakia-Bratislava-02.jpg?fit=780%2C520&amp;ssl=1\" class=\"attachment-medium size-medium\" alt=\"Slovakia Bratislava 02\" aria-describedby=\"gallery-1-19149\" \/>\n\t\t\t<\/dt>\n\t\t\t\t<dd class='wp-caption-text gallery-caption' id='gallery-1-19149'>\n\t\t\t\tSlovakia Bratislava 02\n\t\t\t\t<\/dd><\/dl><br style=\"clear: both\" \/><dl class='gallery-item'>\n\t\t\t<dt class='gallery-icon landscape'>\n\t\t\t\t<img loading=\"lazy\" decoding=\"async\" width=\"780\" height=\"520\" src=\"https:\/\/i0.wp.com\/thewonderlusters.com\/wp-content\/uploads\/2020\/02\/Slovakia\/Slovakia-Bratislava-01.jpg?fit=780%2C520&amp;ssl=1\" class=\"attachment-medium size-medium\" alt=\"Slovakia Bratislava 01\" aria-describedby=\"gallery-1-19147\" \/>\n\t\t\t<\/dt>\n\t\t\t\t<dd class='wp-caption-text gallery-caption' id='gallery-1-19147'>\n\t\t\t\tSlovakia Bratislava 01\n\t\t\t\t<\/dd><\/dl>\n\t\t\t<br style='clear: both' \/>\n\t\t<\/div>\n\n","protected":false},"excerpt":{"rendered":"<p>\u21d2 Pour en savoir plus sur la Slovaquie<\/p>\n","protected":false},"author":2,"featured_media":3715,"parent":38751,"menu_order":0,"comment_status":"closed","ping_status":"closed","template":"","meta":{"_lmt_disableupdate":"no","_lmt_disable":"","footnotes":""},"class_list":["post-38902","page","type-page","status-publish","has-post-thumbnail","hentry"],"jetpack_sharing_enabled":true,"_links":{"self":[{"href":"https:\/\/thewonderlusters.com\/fr\/wp-json\/wp\/v2\/pages\/38902","targetHints":{"allow":["GET"]}}],"collection":[{"href":"https:\/\/thewonderlusters.com\/fr\/wp-json\/wp\/v2\/pages"}],"about":[{"href":"https:\/\/thewonderlusters.com\/fr\/wp-json\/wp\/v2\/types\/page"}],"author":[{"embeddable":true,"href":"https:\/\/thewonderlusters.com\/fr\/wp-json\/wp\/v2\/users\/2"}],"replies":[{"embeddable":true,"href":"https:\/\/thewonderlusters.com\/fr\/wp-json\/wp\/v2\/comments?post=38902"}],"version-history":[{"count":0,"href":"https:\/\/thewonderlusters.com\/fr\/wp-json\/wp\/v2\/pages\/38902\/revisions"}],"up":[{"embeddable":true,"href":"https:\/\/thewonderlusters.com\/fr\/wp-json\/wp\/v2\/pages\/38751"}],"wp:featuredmedia":[{"embeddable":true,"href":"https:\/\/thewonderlusters.com\/fr\/wp-json\/wp\/v2\/media\/3715"}],"wp:attachment":[{"href":"https:\/\/thewonderlusters.com\/fr\/wp-json\/wp\/v2\/media?parent=38902"}],"curies":[{"name":"wp","href":"https:\/\/api.w.org\/{rel}","templated":true}]}}