{"id":38903,"date":"2020-02-17T21:00:25","date_gmt":"2020-02-18T02:00:25","guid":{"rendered":"https:\/\/thewonderlusters.com\/photos\/slovenia\/"},"modified":"2020-04-21T15:25:00","modified_gmt":"2020-04-21T20:25:00","slug":"slovenie","status":"publish","type":"page","link":"https:\/\/thewonderlusters.com\/fr\/photos\/slovenie\/","title":{"rendered":"Photos gratuites de la Slov\u00e9nie"},"content":{"rendered":"<p>Ces <strong>photos gratuites de la Slov\u00e9nie <\/strong>font partie d'une collection de <strong>plus de 15 000 <a href=\"https:\/\/thewonderlusters.com\/fr\/photos\/\">photos de voyage gratuites<\/a><\/strong> du monde entier. Elles peuvent \u00eatre utilis\u00e9es et redistribu\u00e9es pour alimenter un blog personnel ou un site web commercial.<\/p>\r\n<p><strong>T\u00e9l\u00e9chargez toutes les images qui vous plaisent et n'oubliez pas de parcourir les autres destinations !<\/strong> Pour t\u00e9l\u00e9charger une image, il suffit de cliquer sur celle-ci et un bouton de t\u00e9l\u00e9chargement appara\u00eetra. Toutes les photos sont prises par moi. Si vous d\u00e9sirez une version de ces photos avec une r\u00e9solution plus \u00e9lev\u00e9e, <strong><a href=\"https:\/\/thewonderlusters.com\/fr\/contact\/\" rel=\"nofollow\">contactez-moi<\/a><\/strong> pour conna\u00eetre le tarif de la redevance.<\/p>\r\n<p>Toutes les images sont mises \u00e0 disposition sous la <a href=\"https:\/\/thewonderlusters.com\/fr\/licence-photo\/\" rel=\"nofollow\"><strong>licence CC BY-ND<\/strong><\/a>.\u00a0Vous \u00eates libre de faire usage de <strong>toutes les photos de cette page<\/strong>.\u00a0 C'est absolument gratuit mais assurez-vous de <strong>nous cr\u00e9diter<\/strong> en copiant et en collant le code indiqu\u00e9 ci-dessous :<\/p>\r\n<pre>Photo: Courtoisie de &lt;a href=\"https:\/\/thewonderlusters.com\/fr\/\" target=\"_blank\"&gt;The Wonderlusters&lt;\/a&gt;<\/pre>\n<p>\u21d2 Pour en savoir plus sur la <a href=\"https:\/\/thewonderlusters.com\/fr\/visite-italie-slovenie-chiffres-photos\/\" rel=\"nofollow\">Slov\u00e9nie<\/a><\/p>\n\n\t\t<style type=\"text\/css\">\n\t\t\t#gallery-1 {\n\t\t\t\tmargin: auto;\n\t\t\t}\n\t\t\t#gallery-1 .gallery-item {\n\t\t\t\tfloat: left;\n\t\t\t\tmargin-top: 10px;\n\t\t\t\ttext-align: center;\n\t\t\t\twidth: 33%;\n\t\t\t}\n\t\t\t#gallery-1 img {\n\t\t\t\tborder: 2px solid #cfcfcf;\n\t\t\t}\n\t\t\t#gallery-1 .gallery-caption {\n\t\t\t\tmargin-left: 0;\n\t\t\t}\n\t\t\t\/* see gallery_shortcode() in wp-includes\/media.php *\/\n\t\t<\/style>\n\t\t<div id='gallery-1' class='gallery galleryid-38903 gallery-columns-3 gallery-size-medium'><dl class='gallery-item'>\n\t\t\t<dt class='gallery-icon landscape'>\n\t\t\t\t<img fetchpriority=\"high\" decoding=\"async\" width=\"780\" height=\"520\" src=\"https:\/\/i0.wp.com\/thewonderlusters.com\/wp-content\/uploads\/2020\/02\/Slovenia\/Slovenia-Ljubljana-24.jpg?fit=780%2C520&amp;ssl=1\" class=\"attachment-medium size-medium\" alt=\"Slovenia Ljubljana 24\" aria-describedby=\"gallery-1-19237\" \/>\n\t\t\t<\/dt>\n\t\t\t\t<dd class='wp-caption-text gallery-caption' id='gallery-1-19237'>\n\t\t\t\tSlovenia Ljubljana 24\n\t\t\t\t<\/dd><\/dl><dl class='gallery-item'>\n\t\t\t<dt class='gallery-icon landscape'>\n\t\t\t\t<img decoding=\"async\" width=\"780\" height=\"520\" src=\"https:\/\/i0.wp.com\/thewonderlusters.com\/wp-content\/uploads\/2020\/02\/Slovenia\/Slovenia-Ljubljana-23.jpg?fit=780%2C520&amp;ssl=1\" class=\"attachment-medium size-medium\" alt=\"Slovenia Ljubljana 23\" aria-describedby=\"gallery-1-19235\" \/>\n\t\t\t<\/dt>\n\t\t\t\t<dd class='wp-caption-text gallery-caption' id='gallery-1-19235'>\n\t\t\t\tSlovenia Ljubljana 23\n\t\t\t\t<\/dd><\/dl><dl class='gallery-item'>\n\t\t\t<dt class='gallery-icon landscape'>\n\t\t\t\t<img decoding=\"async\" width=\"780\" height=\"520\" src=\"https:\/\/i0.wp.com\/thewonderlusters.com\/wp-content\/uploads\/2020\/02\/Slovenia\/Slovenia-Ljubljana-22.jpg?fit=780%2C520&amp;ssl=1\" class=\"attachment-medium size-medium\" alt=\"Slovenia Ljubljana 22\" aria-describedby=\"gallery-1-19233\" \/>\n\t\t\t<\/dt>\n\t\t\t\t<dd class='wp-caption-text gallery-caption' id='gallery-1-19233'>\n\t\t\t\tSlovenia Ljubljana 22\n\t\t\t\t<\/dd><\/dl><br style=\"clear: both\" \/><dl class='gallery-item'>\n\t\t\t<dt class='gallery-icon landscape'>\n\t\t\t\t<img loading=\"lazy\" decoding=\"async\" width=\"780\" height=\"520\" src=\"https:\/\/i0.wp.com\/thewonderlusters.com\/wp-content\/uploads\/2020\/02\/Slovenia\/Slovenia-Ljubljana-21.jpg?fit=780%2C520&amp;ssl=1\" class=\"attachment-medium size-medium\" alt=\"Slovenia Ljubljana 21\" aria-describedby=\"gallery-1-19231\" \/>\n\t\t\t<\/dt>\n\t\t\t\t<dd class='wp-caption-text gallery-caption' id='gallery-1-19231'>\n\t\t\t\tSlovenia Ljubljana 21\n\t\t\t\t<\/dd><\/dl><dl class='gallery-item'>\n\t\t\t<dt class='gallery-icon landscape'>\n\t\t\t\t<img loading=\"lazy\" decoding=\"async\" width=\"780\" height=\"520\" src=\"https:\/\/i0.wp.com\/thewonderlusters.com\/wp-content\/uploads\/2020\/02\/Slovenia\/Slovenia-Ljubljana-20.jpg?fit=780%2C520&amp;ssl=1\" class=\"attachment-medium size-medium\" alt=\"Slovenia Ljubljana 20\" aria-describedby=\"gallery-1-19229\" \/>\n\t\t\t<\/dt>\n\t\t\t\t<dd class='wp-caption-text gallery-caption' id='gallery-1-19229'>\n\t\t\t\tSlovenia Ljubljana 20\n\t\t\t\t<\/dd><\/dl><dl class='gallery-item'>\n\t\t\t<dt class='gallery-icon landscape'>\n\t\t\t\t<img loading=\"lazy\" decoding=\"async\" width=\"780\" height=\"520\" src=\"https:\/\/i0.wp.com\/thewonderlusters.com\/wp-content\/uploads\/2020\/02\/Slovenia\/Slovenia-Ljubljana-19.jpg?fit=780%2C520&amp;ssl=1\" class=\"attachment-medium size-medium\" alt=\"Slovenia Ljubljana 19\" aria-describedby=\"gallery-1-19227\" \/>\n\t\t\t<\/dt>\n\t\t\t\t<dd class='wp-caption-text gallery-caption' id='gallery-1-19227'>\n\t\t\t\tSlovenia Ljubljana 19\n\t\t\t\t<\/dd><\/dl><br style=\"clear: both\" \/><dl class='gallery-item'>\n\t\t\t<dt class='gallery-icon landscape'>\n\t\t\t\t<img loading=\"lazy\" decoding=\"async\" width=\"780\" height=\"520\" src=\"https:\/\/i0.wp.com\/thewonderlusters.com\/wp-content\/uploads\/2020\/02\/Slovenia\/Slovenia-Ljubljana-18.jpg?fit=780%2C520&amp;ssl=1\" class=\"attachment-medium size-medium\" alt=\"Slovenia Ljubljana 18\" aria-describedby=\"gallery-1-19225\" \/>\n\t\t\t<\/dt>\n\t\t\t\t<dd class='wp-caption-text gallery-caption' id='gallery-1-19225'>\n\t\t\t\tSlovenia Ljubljana 18\n\t\t\t\t<\/dd><\/dl><dl class='gallery-item'>\n\t\t\t<dt class='gallery-icon landscape'>\n\t\t\t\t<img loading=\"lazy\" decoding=\"async\" width=\"780\" height=\"520\" src=\"https:\/\/i0.wp.com\/thewonderlusters.com\/wp-content\/uploads\/2020\/02\/Slovenia\/Slovenia-Ljubljana-17.jpg?fit=780%2C520&amp;ssl=1\" class=\"attachment-medium size-medium\" alt=\"Slovenia Ljubljana 17\" aria-describedby=\"gallery-1-19223\" \/>\n\t\t\t<\/dt>\n\t\t\t\t<dd class='wp-caption-text gallery-caption' id='gallery-1-19223'>\n\t\t\t\tSlovenia Ljubljana 17\n\t\t\t\t<\/dd><\/dl><dl class='gallery-item'>\n\t\t\t<dt class='gallery-icon landscape'>\n\t\t\t\t<img loading=\"lazy\" decoding=\"async\" width=\"780\" height=\"520\" src=\"https:\/\/i0.wp.com\/thewonderlusters.com\/wp-content\/uploads\/2020\/02\/Slovenia\/Slovenia-Ljubljana-16.jpg?fit=780%2C520&amp;ssl=1\" class=\"attachment-medium size-medium\" alt=\"Slovenia Ljubljana 16\" aria-describedby=\"gallery-1-19221\" \/>\n\t\t\t<\/dt>\n\t\t\t\t<dd class='wp-caption-text gallery-caption' id='gallery-1-19221'>\n\t\t\t\tSlovenia Ljubljana 16\n\t\t\t\t<\/dd><\/dl><br style=\"clear: both\" \/><dl class='gallery-item'>\n\t\t\t<dt class='gallery-icon landscape'>\n\t\t\t\t<img loading=\"lazy\" decoding=\"async\" width=\"780\" height=\"520\" src=\"https:\/\/i0.wp.com\/thewonderlusters.com\/wp-content\/uploads\/2020\/02\/Slovenia\/Slovenia-Ljubljana-15.jpg?fit=780%2C520&amp;ssl=1\" class=\"attachment-medium size-medium\" alt=\"Slovenia Ljubljana 15\" aria-describedby=\"gallery-1-19219\" \/>\n\t\t\t<\/dt>\n\t\t\t\t<dd class='wp-caption-text gallery-caption' id='gallery-1-19219'>\n\t\t\t\tSlovenia Ljubljana 15\n\t\t\t\t<\/dd><\/dl><dl class='gallery-item'>\n\t\t\t<dt class='gallery-icon landscape'>\n\t\t\t\t<img loading=\"lazy\" decoding=\"async\" width=\"780\" height=\"520\" src=\"https:\/\/i0.wp.com\/thewonderlusters.com\/wp-content\/uploads\/2020\/02\/Slovenia\/Slovenia-Ljubljana-14.jpg?fit=780%2C520&amp;ssl=1\" class=\"attachment-medium size-medium\" alt=\"Slovenia Ljubljana 14\" aria-describedby=\"gallery-1-19217\" \/>\n\t\t\t<\/dt>\n\t\t\t\t<dd class='wp-caption-text gallery-caption' id='gallery-1-19217'>\n\t\t\t\tSlovenia Ljubljana 14\n\t\t\t\t<\/dd><\/dl><dl class='gallery-item'>\n\t\t\t<dt class='gallery-icon landscape'>\n\t\t\t\t<img loading=\"lazy\" decoding=\"async\" width=\"780\" height=\"520\" src=\"https:\/\/i0.wp.com\/thewonderlusters.com\/wp-content\/uploads\/2020\/02\/Slovenia\/Slovenia-Ljubljana-13.jpg?fit=780%2C520&amp;ssl=1\" class=\"attachment-medium size-medium\" alt=\"Slovenia Ljubljana 13\" aria-describedby=\"gallery-1-19215\" \/>\n\t\t\t<\/dt>\n\t\t\t\t<dd class='wp-caption-text gallery-caption' id='gallery-1-19215'>\n\t\t\t\tSlovenia Ljubljana 13\n\t\t\t\t<\/dd><\/dl><br style=\"clear: both\" \/><dl class='gallery-item'>\n\t\t\t<dt class='gallery-icon landscape'>\n\t\t\t\t<img loading=\"lazy\" decoding=\"async\" width=\"780\" height=\"520\" src=\"https:\/\/i0.wp.com\/thewonderlusters.com\/wp-content\/uploads\/2020\/02\/Slovenia\/Slovenia-Ljubljana-12.jpg?fit=780%2C520&amp;ssl=1\" class=\"attachment-medium size-medium\" alt=\"Slovenia Ljubljana 12\" aria-describedby=\"gallery-1-19213\" \/>\n\t\t\t<\/dt>\n\t\t\t\t<dd class='wp-caption-text gallery-caption' id='gallery-1-19213'>\n\t\t\t\tSlovenia Ljubljana 12\n\t\t\t\t<\/dd><\/dl><dl class='gallery-item'>\n\t\t\t<dt class='gallery-icon landscape'>\n\t\t\t\t<img loading=\"lazy\" decoding=\"async\" width=\"780\" height=\"520\" src=\"https:\/\/i0.wp.com\/thewonderlusters.com\/wp-content\/uploads\/2020\/02\/Slovenia\/Slovenia-Ljubljana-11.jpg?fit=780%2C520&amp;ssl=1\" class=\"attachment-medium size-medium\" alt=\"Slovenia Ljubljana 11\" aria-describedby=\"gallery-1-19211\" \/>\n\t\t\t<\/dt>\n\t\t\t\t<dd class='wp-caption-text gallery-caption' id='gallery-1-19211'>\n\t\t\t\tSlovenia Ljubljana 11\n\t\t\t\t<\/dd><\/dl><dl class='gallery-item'>\n\t\t\t<dt class='gallery-icon landscape'>\n\t\t\t\t<img loading=\"lazy\" decoding=\"async\" width=\"780\" height=\"520\" src=\"https:\/\/i0.wp.com\/thewonderlusters.com\/wp-content\/uploads\/2020\/02\/Slovenia\/Slovenia-Ljubljana-10.jpg?fit=780%2C520&amp;ssl=1\" class=\"attachment-medium size-medium\" alt=\"Slovenia Ljubljana 10\" aria-describedby=\"gallery-1-19209\" \/>\n\t\t\t<\/dt>\n\t\t\t\t<dd class='wp-caption-text gallery-caption' id='gallery-1-19209'>\n\t\t\t\tSlovenia Ljubljana 10\n\t\t\t\t<\/dd><\/dl><br style=\"clear: both\" \/><dl class='gallery-item'>\n\t\t\t<dt class='gallery-icon landscape'>\n\t\t\t\t<img loading=\"lazy\" decoding=\"async\" width=\"780\" height=\"520\" src=\"https:\/\/i0.wp.com\/thewonderlusters.com\/wp-content\/uploads\/2020\/02\/Slovenia\/Slovenia-Ljubljana-09.jpg?fit=780%2C520&amp;ssl=1\" class=\"attachment-medium size-medium\" alt=\"Slovenia Ljubljana 09\" aria-describedby=\"gallery-1-19207\" \/>\n\t\t\t<\/dt>\n\t\t\t\t<dd class='wp-caption-text gallery-caption' id='gallery-1-19207'>\n\t\t\t\tSlovenia Ljubljana 09\n\t\t\t\t<\/dd><\/dl><dl class='gallery-item'>\n\t\t\t<dt class='gallery-icon landscape'>\n\t\t\t\t<img loading=\"lazy\" decoding=\"async\" width=\"780\" height=\"520\" src=\"https:\/\/i0.wp.com\/thewonderlusters.com\/wp-content\/uploads\/2020\/02\/Slovenia\/Slovenia-Ljubljana-08.jpg?fit=780%2C520&amp;ssl=1\" class=\"attachment-medium size-medium\" alt=\"Slovenia Ljubljana 08\" aria-describedby=\"gallery-1-19205\" \/>\n\t\t\t<\/dt>\n\t\t\t\t<dd class='wp-caption-text gallery-caption' id='gallery-1-19205'>\n\t\t\t\tSlovenia Ljubljana 08\n\t\t\t\t<\/dd><\/dl><dl class='gallery-item'>\n\t\t\t<dt class='gallery-icon landscape'>\n\t\t\t\t<img loading=\"lazy\" decoding=\"async\" width=\"780\" height=\"520\" src=\"https:\/\/i0.wp.com\/thewonderlusters.com\/wp-content\/uploads\/2020\/02\/Slovenia\/Slovenia-Ljubljana-07.jpg?fit=780%2C520&amp;ssl=1\" class=\"attachment-medium size-medium\" alt=\"Slovenia Ljubljana 07\" aria-describedby=\"gallery-1-19203\" \/>\n\t\t\t<\/dt>\n\t\t\t\t<dd class='wp-caption-text gallery-caption' id='gallery-1-19203'>\n\t\t\t\tSlovenia Ljubljana 07\n\t\t\t\t<\/dd><\/dl><br style=\"clear: both\" \/><dl class='gallery-item'>\n\t\t\t<dt class='gallery-icon landscape'>\n\t\t\t\t<img loading=\"lazy\" decoding=\"async\" width=\"780\" height=\"520\" src=\"https:\/\/i0.wp.com\/thewonderlusters.com\/wp-content\/uploads\/2020\/02\/Slovenia\/Slovenia-Ljubljana-06.jpg?fit=780%2C520&amp;ssl=1\" class=\"attachment-medium size-medium\" alt=\"Slovenia Ljubljana 06\" aria-describedby=\"gallery-1-19201\" \/>\n\t\t\t<\/dt>\n\t\t\t\t<dd class='wp-caption-text gallery-caption' id='gallery-1-19201'>\n\t\t\t\tSlovenia Ljubljana 06\n\t\t\t\t<\/dd><\/dl><dl class='gallery-item'>\n\t\t\t<dt class='gallery-icon landscape'>\n\t\t\t\t<img loading=\"lazy\" decoding=\"async\" width=\"780\" height=\"520\" src=\"https:\/\/i0.wp.com\/thewonderlusters.com\/wp-content\/uploads\/2020\/02\/Slovenia\/Slovenia-Ljubljana-05.jpg?fit=780%2C520&amp;ssl=1\" class=\"attachment-medium size-medium\" alt=\"Slovenia Ljubljana 05\" aria-describedby=\"gallery-1-19199\" \/>\n\t\t\t<\/dt>\n\t\t\t\t<dd class='wp-caption-text gallery-caption' id='gallery-1-19199'>\n\t\t\t\tSlovenia Ljubljana 05\n\t\t\t\t<\/dd><\/dl><dl class='gallery-item'>\n\t\t\t<dt class='gallery-icon landscape'>\n\t\t\t\t<img loading=\"lazy\" decoding=\"async\" width=\"780\" height=\"520\" src=\"https:\/\/i0.wp.com\/thewonderlusters.com\/wp-content\/uploads\/2020\/02\/Slovenia\/Slovenia-Ljubljana-04.jpg?fit=780%2C520&amp;ssl=1\" class=\"attachment-medium size-medium\" alt=\"Slovenia Ljubljana 04\" aria-describedby=\"gallery-1-19197\" \/>\n\t\t\t<\/dt>\n\t\t\t\t<dd class='wp-caption-text gallery-caption' id='gallery-1-19197'>\n\t\t\t\tSlovenia Ljubljana 04\n\t\t\t\t<\/dd><\/dl><br style=\"clear: both\" \/><dl class='gallery-item'>\n\t\t\t<dt class='gallery-icon landscape'>\n\t\t\t\t<img loading=\"lazy\" decoding=\"async\" width=\"780\" height=\"520\" src=\"https:\/\/i0.wp.com\/thewonderlusters.com\/wp-content\/uploads\/2020\/02\/Slovenia\/Slovenia-Ljubljana-03.jpg?fit=780%2C520&amp;ssl=1\" class=\"attachment-medium size-medium\" alt=\"Slovenia Ljubljana 03\" aria-describedby=\"gallery-1-19195\" \/>\n\t\t\t<\/dt>\n\t\t\t\t<dd class='wp-caption-text gallery-caption' id='gallery-1-19195'>\n\t\t\t\tSlovenia Ljubljana 03\n\t\t\t\t<\/dd><\/dl><dl class='gallery-item'>\n\t\t\t<dt class='gallery-icon landscape'>\n\t\t\t\t<img loading=\"lazy\" decoding=\"async\" width=\"780\" height=\"520\" src=\"https:\/\/i0.wp.com\/thewonderlusters.com\/wp-content\/uploads\/2020\/02\/Slovenia\/Slovenia-Ljubljana-02.jpg?fit=780%2C520&amp;ssl=1\" class=\"attachment-medium size-medium\" alt=\"Slovenia Ljubljana 02\" aria-describedby=\"gallery-1-19193\" \/>\n\t\t\t<\/dt>\n\t\t\t\t<dd class='wp-caption-text gallery-caption' id='gallery-1-19193'>\n\t\t\t\tSlovenia Ljubljana 02\n\t\t\t\t<\/dd><\/dl><dl class='gallery-item'>\n\t\t\t<dt class='gallery-icon landscape'>\n\t\t\t\t<img loading=\"lazy\" decoding=\"async\" width=\"780\" height=\"520\" src=\"https:\/\/i0.wp.com\/thewonderlusters.com\/wp-content\/uploads\/2020\/02\/Slovenia\/Slovenia-Ljubljana-01.jpg?fit=780%2C520&amp;ssl=1\" class=\"attachment-medium size-medium\" alt=\"Slovenia Ljubljana 01\" aria-describedby=\"gallery-1-19191\" \/>\n\t\t\t<\/dt>\n\t\t\t\t<dd class='wp-caption-text gallery-caption' id='gallery-1-19191'>\n\t\t\t\tSlovenia Ljubljana 01\n\t\t\t\t<\/dd><\/dl><br style=\"clear: both\" \/>\n\t\t<\/div>\n\n","protected":false},"excerpt":{"rendered":"<p>\u21d2 Pour en savoir plus sur la Slov\u00e9nie<\/p>\n","protected":false},"author":2,"featured_media":6887,"parent":38751,"menu_order":0,"comment_status":"closed","ping_status":"closed","template":"","meta":{"_lmt_disableupdate":"no","_lmt_disable":"","footnotes":""},"class_list":["post-38903","page","type-page","status-publish","has-post-thumbnail","hentry"],"jetpack_sharing_enabled":true,"_links":{"self":[{"href":"https:\/\/thewonderlusters.com\/fr\/wp-json\/wp\/v2\/pages\/38903","targetHints":{"allow":["GET"]}}],"collection":[{"href":"https:\/\/thewonderlusters.com\/fr\/wp-json\/wp\/v2\/pages"}],"about":[{"href":"https:\/\/thewonderlusters.com\/fr\/wp-json\/wp\/v2\/types\/page"}],"author":[{"embeddable":true,"href":"https:\/\/thewonderlusters.com\/fr\/wp-json\/wp\/v2\/users\/2"}],"replies":[{"embeddable":true,"href":"https:\/\/thewonderlusters.com\/fr\/wp-json\/wp\/v2\/comments?post=38903"}],"version-history":[{"count":0,"href":"https:\/\/thewonderlusters.com\/fr\/wp-json\/wp\/v2\/pages\/38903\/revisions"}],"up":[{"embeddable":true,"href":"https:\/\/thewonderlusters.com\/fr\/wp-json\/wp\/v2\/pages\/38751"}],"wp:featuredmedia":[{"embeddable":true,"href":"https:\/\/thewonderlusters.com\/fr\/wp-json\/wp\/v2\/media\/6887"}],"wp:attachment":[{"href":"https:\/\/thewonderlusters.com\/fr\/wp-json\/wp\/v2\/media?parent=38903"}],"curies":[{"name":"wp","href":"https:\/\/api.w.org\/{rel}","templated":true}]}}