{"id":38942,"date":"2020-02-17T21:00:26","date_gmt":"2020-02-18T02:00:26","guid":{"rendered":"https:\/\/thewonderlusters.com\/photos\/switzerland\/"},"modified":"2020-04-21T15:24:46","modified_gmt":"2020-04-21T20:24:46","slug":"suisse","status":"publish","type":"page","link":"https:\/\/thewonderlusters.com\/fr\/photos\/suisse\/","title":{"rendered":"Photos gratuites de la Suisse"},"content":{"rendered":"<p>Ces <strong>photos gratuites de la Suisse <\/strong>font partie d'une collection de <strong>plus de 15 000 <a href=\"https:\/\/thewonderlusters.com\/fr\/photos\/\">photos de voyage gratuites<\/a><\/strong> du monde entier. Elles peuvent \u00eatre utilis\u00e9es et redistribu\u00e9es pour alimenter un blog personnel ou un site web commercial.<\/p>\r\n<p><strong>T\u00e9l\u00e9chargez toutes les images qui vous plaisent et n'oubliez pas de parcourir les autres destinations !<\/strong> Pour t\u00e9l\u00e9charger une image, il suffit de cliquer sur celle-ci et un bouton de t\u00e9l\u00e9chargement appara\u00eetra. Toutes les photos sont prises par moi. Si vous d\u00e9sirez une version de ces photos avec une r\u00e9solution plus \u00e9lev\u00e9e, <strong><a href=\"https:\/\/thewonderlusters.com\/fr\/contact\/\" rel=\"nofollow\">contactez-moi<\/a><\/strong> pour conna\u00eetre le tarif de la redevance.<\/p>\r\n<p>Toutes les images sont mises \u00e0 disposition sous la <a href=\"https:\/\/thewonderlusters.com\/fr\/licence-photo\/\" rel=\"nofollow\"><strong>licence CC BY-ND<\/strong><\/a>.\u00a0Vous \u00eates libre de faire usage de <strong>toutes les photos de cette page<\/strong>.\u00a0 C'est absolument gratuit mais assurez-vous de <strong>nous cr\u00e9diter<\/strong> en copiant et en collant le code indiqu\u00e9 ci-dessous :<\/p>\r\n<pre>Photo: Courtoisie de &lt;a href=\"https:\/\/thewonderlusters.com\/fr\/\" target=\"_blank\"&gt;The Wonderlusters&lt;\/a&gt;<\/pre>\n<p>\u21d2 Pour en savoir plus sur la <a href=\"https:\/\/thewonderlusters.com\/fr\/visite-france-chiffres-photos\/\" rel=\"nofollow\">Suisse<\/a><\/p>\n\n\t\t<style type=\"text\/css\">\n\t\t\t#gallery-1 {\n\t\t\t\tmargin: auto;\n\t\t\t}\n\t\t\t#gallery-1 .gallery-item {\n\t\t\t\tfloat: left;\n\t\t\t\tmargin-top: 10px;\n\t\t\t\ttext-align: center;\n\t\t\t\twidth: 33%;\n\t\t\t}\n\t\t\t#gallery-1 img {\n\t\t\t\tborder: 2px solid #cfcfcf;\n\t\t\t}\n\t\t\t#gallery-1 .gallery-caption {\n\t\t\t\tmargin-left: 0;\n\t\t\t}\n\t\t\t\/* see gallery_shortcode() in wp-includes\/media.php *\/\n\t\t<\/style>\n\t\t<div id='gallery-1' class='gallery galleryid-38942 gallery-columns-3 gallery-size-medium'><dl class='gallery-item'>\n\t\t\t<dt class='gallery-icon landscape'>\n\t\t\t\t<img fetchpriority=\"high\" decoding=\"async\" width=\"780\" height=\"520\" src=\"https:\/\/i0.wp.com\/thewonderlusters.com\/wp-content\/uploads\/2020\/02\/Switzerland\/Switzerland-Basel-12.jpg?fit=780%2C520&amp;ssl=1\" class=\"attachment-medium size-medium\" alt=\"Switzerland Basel 12\" aria-describedby=\"gallery-1-19261\" \/>\n\t\t\t<\/dt>\n\t\t\t\t<dd class='wp-caption-text gallery-caption' id='gallery-1-19261'>\n\t\t\t\tSwitzerland Basel 12\n\t\t\t\t<\/dd><\/dl><dl class='gallery-item'>\n\t\t\t<dt class='gallery-icon landscape'>\n\t\t\t\t<img decoding=\"async\" width=\"780\" height=\"520\" src=\"https:\/\/i0.wp.com\/thewonderlusters.com\/wp-content\/uploads\/2020\/02\/Switzerland\/Switzerland-Basel-11.jpg?fit=780%2C520&amp;ssl=1\" class=\"attachment-medium size-medium\" alt=\"Switzerland Basel 11\" aria-describedby=\"gallery-1-19259\" \/>\n\t\t\t<\/dt>\n\t\t\t\t<dd class='wp-caption-text gallery-caption' id='gallery-1-19259'>\n\t\t\t\tSwitzerland Basel 11\n\t\t\t\t<\/dd><\/dl><dl class='gallery-item'>\n\t\t\t<dt class='gallery-icon landscape'>\n\t\t\t\t<img decoding=\"async\" width=\"780\" height=\"520\" src=\"https:\/\/i0.wp.com\/thewonderlusters.com\/wp-content\/uploads\/2020\/02\/Switzerland\/Switzerland-Basel-10.jpg?fit=780%2C520&amp;ssl=1\" class=\"attachment-medium size-medium\" alt=\"Switzerland Basel 10\" aria-describedby=\"gallery-1-19257\" \/>\n\t\t\t<\/dt>\n\t\t\t\t<dd class='wp-caption-text gallery-caption' id='gallery-1-19257'>\n\t\t\t\tSwitzerland Basel 10\n\t\t\t\t<\/dd><\/dl><br style=\"clear: both\" \/><dl class='gallery-item'>\n\t\t\t<dt class='gallery-icon landscape'>\n\t\t\t\t<img loading=\"lazy\" decoding=\"async\" width=\"780\" height=\"520\" src=\"https:\/\/i0.wp.com\/thewonderlusters.com\/wp-content\/uploads\/2020\/02\/Switzerland\/Switzerland-Basel-09.jpg?fit=780%2C520&amp;ssl=1\" class=\"attachment-medium size-medium\" alt=\"Switzerland Basel 09\" aria-describedby=\"gallery-1-19255\" \/>\n\t\t\t<\/dt>\n\t\t\t\t<dd class='wp-caption-text gallery-caption' id='gallery-1-19255'>\n\t\t\t\tSwitzerland Basel 09\n\t\t\t\t<\/dd><\/dl><dl class='gallery-item'>\n\t\t\t<dt class='gallery-icon landscape'>\n\t\t\t\t<img loading=\"lazy\" decoding=\"async\" width=\"780\" height=\"520\" src=\"https:\/\/i0.wp.com\/thewonderlusters.com\/wp-content\/uploads\/2020\/02\/Switzerland\/Switzerland-Basel-08.jpg?fit=780%2C520&amp;ssl=1\" class=\"attachment-medium size-medium\" alt=\"Switzerland Basel 08\" aria-describedby=\"gallery-1-19253\" \/>\n\t\t\t<\/dt>\n\t\t\t\t<dd class='wp-caption-text gallery-caption' id='gallery-1-19253'>\n\t\t\t\tSwitzerland Basel 08\n\t\t\t\t<\/dd><\/dl><dl class='gallery-item'>\n\t\t\t<dt class='gallery-icon landscape'>\n\t\t\t\t<img loading=\"lazy\" decoding=\"async\" width=\"780\" height=\"520\" src=\"https:\/\/i0.wp.com\/thewonderlusters.com\/wp-content\/uploads\/2020\/02\/Switzerland\/Switzerland-Basel-07.jpg?fit=780%2C520&amp;ssl=1\" class=\"attachment-medium size-medium\" alt=\"Switzerland Basel 07\" aria-describedby=\"gallery-1-19251\" \/>\n\t\t\t<\/dt>\n\t\t\t\t<dd class='wp-caption-text gallery-caption' id='gallery-1-19251'>\n\t\t\t\tSwitzerland Basel 07\n\t\t\t\t<\/dd><\/dl><br style=\"clear: both\" \/><dl class='gallery-item'>\n\t\t\t<dt class='gallery-icon portrait'>\n\t\t\t\t<img loading=\"lazy\" decoding=\"async\" width=\"780\" height=\"1170\" src=\"https:\/\/i0.wp.com\/thewonderlusters.com\/wp-content\/uploads\/2020\/02\/Switzerland\/Switzerland-Basel-06.jpg?fit=780%2C1170&amp;ssl=1\" class=\"attachment-medium size-medium\" alt=\"Switzerland Basel 06\" aria-describedby=\"gallery-1-19249\" \/>\n\t\t\t<\/dt>\n\t\t\t\t<dd class='wp-caption-text gallery-caption' id='gallery-1-19249'>\n\t\t\t\tSwitzerland Basel 06\n\t\t\t\t<\/dd><\/dl><dl class='gallery-item'>\n\t\t\t<dt class='gallery-icon portrait'>\n\t\t\t\t<img loading=\"lazy\" decoding=\"async\" width=\"780\" height=\"1170\" src=\"https:\/\/i0.wp.com\/thewonderlusters.com\/wp-content\/uploads\/2020\/02\/Switzerland\/Switzerland-Basel-05.jpg?fit=780%2C1170&amp;ssl=1\" class=\"attachment-medium size-medium\" alt=\"Switzerland Basel 05\" aria-describedby=\"gallery-1-19247\" \/>\n\t\t\t<\/dt>\n\t\t\t\t<dd class='wp-caption-text gallery-caption' id='gallery-1-19247'>\n\t\t\t\tSwitzerland Basel 05\n\t\t\t\t<\/dd><\/dl><dl class='gallery-item'>\n\t\t\t<dt class='gallery-icon landscape'>\n\t\t\t\t<img loading=\"lazy\" decoding=\"async\" width=\"780\" height=\"520\" src=\"https:\/\/i0.wp.com\/thewonderlusters.com\/wp-content\/uploads\/2020\/02\/Switzerland\/Switzerland-Basel-04.jpg?fit=780%2C520&amp;ssl=1\" class=\"attachment-medium size-medium\" alt=\"Switzerland Basel 04\" aria-describedby=\"gallery-1-19245\" \/>\n\t\t\t<\/dt>\n\t\t\t\t<dd class='wp-caption-text gallery-caption' id='gallery-1-19245'>\n\t\t\t\tSwitzerland Basel 04\n\t\t\t\t<\/dd><\/dl><br style=\"clear: both\" \/><dl class='gallery-item'>\n\t\t\t<dt class='gallery-icon landscape'>\n\t\t\t\t<img loading=\"lazy\" decoding=\"async\" width=\"780\" height=\"520\" src=\"https:\/\/i0.wp.com\/thewonderlusters.com\/wp-content\/uploads\/2020\/02\/Switzerland\/Switzerland-Basel-03.jpg?fit=780%2C520&amp;ssl=1\" class=\"attachment-medium size-medium\" alt=\"Switzerland Basel 03\" aria-describedby=\"gallery-1-19243\" \/>\n\t\t\t<\/dt>\n\t\t\t\t<dd class='wp-caption-text gallery-caption' id='gallery-1-19243'>\n\t\t\t\tSwitzerland Basel 03\n\t\t\t\t<\/dd><\/dl><dl class='gallery-item'>\n\t\t\t<dt class='gallery-icon landscape'>\n\t\t\t\t<img loading=\"lazy\" decoding=\"async\" width=\"780\" height=\"520\" src=\"https:\/\/i0.wp.com\/thewonderlusters.com\/wp-content\/uploads\/2020\/02\/Switzerland\/Switzerland-Basel-02.jpg?fit=780%2C520&amp;ssl=1\" class=\"attachment-medium size-medium\" alt=\"Switzerland Basel 02\" aria-describedby=\"gallery-1-19241\" \/>\n\t\t\t<\/dt>\n\t\t\t\t<dd class='wp-caption-text gallery-caption' id='gallery-1-19241'>\n\t\t\t\tSwitzerland Basel 02\n\t\t\t\t<\/dd><\/dl><dl class='gallery-item'>\n\t\t\t<dt class='gallery-icon landscape'>\n\t\t\t\t<img loading=\"lazy\" decoding=\"async\" width=\"780\" height=\"520\" src=\"https:\/\/i0.wp.com\/thewonderlusters.com\/wp-content\/uploads\/2020\/02\/Switzerland\/Switzerland-Basel-01.jpg?fit=780%2C520&amp;ssl=1\" class=\"attachment-medium size-medium\" alt=\"Switzerland Basel 01\" aria-describedby=\"gallery-1-19239\" \/>\n\t\t\t<\/dt>\n\t\t\t\t<dd class='wp-caption-text gallery-caption' id='gallery-1-19239'>\n\t\t\t\tSwitzerland Basel 01\n\t\t\t\t<\/dd><\/dl><br style=\"clear: both\" \/>\n\t\t<\/div>\n\n","protected":false},"excerpt":{"rendered":"<p>\u21d2 Pour en savoir plus sur la Suisse<\/p>\n","protected":false},"author":2,"featured_media":3503,"parent":38751,"menu_order":0,"comment_status":"closed","ping_status":"closed","template":"","meta":{"_lmt_disableupdate":"no","_lmt_disable":"","footnotes":""},"class_list":["post-38942","page","type-page","status-publish","has-post-thumbnail","hentry"],"jetpack_sharing_enabled":true,"_links":{"self":[{"href":"https:\/\/thewonderlusters.com\/fr\/wp-json\/wp\/v2\/pages\/38942","targetHints":{"allow":["GET"]}}],"collection":[{"href":"https:\/\/thewonderlusters.com\/fr\/wp-json\/wp\/v2\/pages"}],"about":[{"href":"https:\/\/thewonderlusters.com\/fr\/wp-json\/wp\/v2\/types\/page"}],"author":[{"embeddable":true,"href":"https:\/\/thewonderlusters.com\/fr\/wp-json\/wp\/v2\/users\/2"}],"replies":[{"embeddable":true,"href":"https:\/\/thewonderlusters.com\/fr\/wp-json\/wp\/v2\/comments?post=38942"}],"version-history":[{"count":0,"href":"https:\/\/thewonderlusters.com\/fr\/wp-json\/wp\/v2\/pages\/38942\/revisions"}],"up":[{"embeddable":true,"href":"https:\/\/thewonderlusters.com\/fr\/wp-json\/wp\/v2\/pages\/38751"}],"wp:featuredmedia":[{"embeddable":true,"href":"https:\/\/thewonderlusters.com\/fr\/wp-json\/wp\/v2\/media\/3503"}],"wp:attachment":[{"href":"https:\/\/thewonderlusters.com\/fr\/wp-json\/wp\/v2\/media?parent=38942"}],"curies":[{"name":"wp","href":"https:\/\/api.w.org\/{rel}","templated":true}]}}