{"id":38966,"date":"2020-02-07T20:11:52","date_gmt":"2020-02-08T01:11:52","guid":{"rendered":"https:\/\/thewonderlusters.com\/photos\/wales\/"},"modified":"2020-04-21T14:45:10","modified_gmt":"2020-04-21T19:45:10","slug":"pays-de-galles","status":"publish","type":"page","link":"https:\/\/thewonderlusters.com\/fr\/photos\/pays-de-galles\/","title":{"rendered":"Photos gratuites du Pays de Galles"},"content":{"rendered":"<p>Ces <strong>photos gratuites du Pays de Galles <\/strong>font partie d'une collection de <strong>plus de 15 000 <a href=\"https:\/\/thewonderlusters.com\/fr\/photos\/\">photos de voyage gratuites<\/a><\/strong> du monde entier. Elles peuvent \u00eatre utilis\u00e9es et redistribu\u00e9es pour alimenter un blog personnel ou un site web commercial.<\/p>\r\n<p><strong>T\u00e9l\u00e9chargez toutes les images qui vous plaisent et n'oubliez pas de parcourir les autres destinations !<\/strong> Pour t\u00e9l\u00e9charger une image, il suffit de cliquer sur celle-ci et un bouton de t\u00e9l\u00e9chargement appara\u00eetra. Toutes les photos sont prises par moi. Si vous d\u00e9sirez une version de ces photos avec une r\u00e9solution plus \u00e9lev\u00e9e, <strong><a href=\"https:\/\/thewonderlusters.com\/fr\/contact\/\" rel=\"nofollow\">contactez-moi<\/a><\/strong> pour conna\u00eetre le tarif de la redevance.<\/p>\r\n<p>Toutes les images sont mises \u00e0 disposition sous la <a href=\"https:\/\/thewonderlusters.com\/fr\/licence-photo\/\" rel=\"nofollow\"><strong>licence CC BY-ND<\/strong><\/a>.\u00a0Vous \u00eates libre de faire usage de <strong>toutes les photos de cette page<\/strong>.\u00a0 C'est absolument gratuit mais assurez-vous de <strong>nous cr\u00e9diter<\/strong> en copiant et en collant le code indiqu\u00e9 ci-dessous :<\/p>\r\n<pre>Photo: Courtoisie de &lt;a href=\"https:\/\/thewonderlusters.com\/fr\/\" target=\"_blank\"&gt;The Wonderlusters&lt;\/a&gt;<\/pre>\n<p>\u21d2 Pour en savoir plus sur le <a href=\"https:\/\/thewonderlusters.com\/fr\/visite-au-royaume-uni-chiffres-et-photos\/\" rel=\"nofollow\">Pays de Galles<\/a><\/p>\n\n\t\t<style type=\"text\/css\">\n\t\t\t#gallery-1 {\n\t\t\t\tmargin: auto;\n\t\t\t}\n\t\t\t#gallery-1 .gallery-item {\n\t\t\t\tfloat: left;\n\t\t\t\tmargin-top: 10px;\n\t\t\t\ttext-align: center;\n\t\t\t\twidth: 33%;\n\t\t\t}\n\t\t\t#gallery-1 img {\n\t\t\t\tborder: 2px solid #cfcfcf;\n\t\t\t}\n\t\t\t#gallery-1 .gallery-caption {\n\t\t\t\tmargin-left: 0;\n\t\t\t}\n\t\t\t\/* see gallery_shortcode() in wp-includes\/media.php *\/\n\t\t<\/style>\n\t\t<div id='gallery-1' class='gallery galleryid-38966 gallery-columns-3 gallery-size-medium'><dl class='gallery-item'>\n\t\t\t<dt class='gallery-icon landscape'>\n\t\t\t\t<img fetchpriority=\"high\" decoding=\"async\" width=\"780\" height=\"520\" src=\"https:\/\/i0.wp.com\/thewonderlusters.com\/wp-content\/uploads\/2020\/02\/Wales-Cardif-19.jpg?fit=780%2C520&amp;ssl=1\" class=\"attachment-medium size-medium\" alt=\"Wales Cardif 19\" aria-describedby=\"gallery-1-9965\" srcset=\"https:\/\/i0.wp.com\/thewonderlusters.com\/wp-content\/uploads\/2020\/02\/Wales-Cardif-19.jpg?w=2048&amp;ssl=1 2048w, https:\/\/i0.wp.com\/thewonderlusters.com\/wp-content\/uploads\/2020\/02\/Wales-Cardif-19.jpg?resize=780%2C520&amp;ssl=1 780w, https:\/\/i0.wp.com\/thewonderlusters.com\/wp-content\/uploads\/2020\/02\/Wales-Cardif-19.jpg?resize=1170%2C780&amp;ssl=1 1170w\" sizes=\"(max-width: 780px) 100vw, 780px\" \/>\n\t\t\t<\/dt>\n\t\t\t\t<dd class='wp-caption-text gallery-caption' id='gallery-1-9965'>\n\t\t\t\tWales Cardif 19\n\t\t\t\t<\/dd><\/dl><dl class='gallery-item'>\n\t\t\t<dt class='gallery-icon landscape'>\n\t\t\t\t<img decoding=\"async\" width=\"780\" height=\"520\" src=\"https:\/\/i0.wp.com\/thewonderlusters.com\/wp-content\/uploads\/2020\/02\/Wales-Cardif-18.jpg?fit=780%2C520&amp;ssl=1\" class=\"attachment-medium size-medium\" alt=\"Wales Cardif 18\" aria-describedby=\"gallery-1-9963\" srcset=\"https:\/\/i0.wp.com\/thewonderlusters.com\/wp-content\/uploads\/2020\/02\/Wales-Cardif-18.jpg?w=2048&amp;ssl=1 2048w, https:\/\/i0.wp.com\/thewonderlusters.com\/wp-content\/uploads\/2020\/02\/Wales-Cardif-18.jpg?resize=780%2C520&amp;ssl=1 780w, https:\/\/i0.wp.com\/thewonderlusters.com\/wp-content\/uploads\/2020\/02\/Wales-Cardif-18.jpg?resize=1170%2C780&amp;ssl=1 1170w\" sizes=\"(max-width: 780px) 100vw, 780px\" \/>\n\t\t\t<\/dt>\n\t\t\t\t<dd class='wp-caption-text gallery-caption' id='gallery-1-9963'>\n\t\t\t\tWales Cardif 18\n\t\t\t\t<\/dd><\/dl><dl class='gallery-item'>\n\t\t\t<dt class='gallery-icon landscape'>\n\t\t\t\t<img decoding=\"async\" width=\"780\" height=\"520\" src=\"https:\/\/i0.wp.com\/thewonderlusters.com\/wp-content\/uploads\/2020\/02\/Wales-Cardif-17.jpg?fit=780%2C520&amp;ssl=1\" class=\"attachment-medium size-medium\" alt=\"Wales Cardif 17\" aria-describedby=\"gallery-1-9961\" srcset=\"https:\/\/i0.wp.com\/thewonderlusters.com\/wp-content\/uploads\/2020\/02\/Wales-Cardif-17.jpg?w=2048&amp;ssl=1 2048w, https:\/\/i0.wp.com\/thewonderlusters.com\/wp-content\/uploads\/2020\/02\/Wales-Cardif-17.jpg?resize=780%2C520&amp;ssl=1 780w, https:\/\/i0.wp.com\/thewonderlusters.com\/wp-content\/uploads\/2020\/02\/Wales-Cardif-17.jpg?resize=1170%2C780&amp;ssl=1 1170w\" sizes=\"(max-width: 780px) 100vw, 780px\" \/>\n\t\t\t<\/dt>\n\t\t\t\t<dd class='wp-caption-text gallery-caption' id='gallery-1-9961'>\n\t\t\t\tWales Cardif 17\n\t\t\t\t<\/dd><\/dl><br style=\"clear: both\" \/><dl class='gallery-item'>\n\t\t\t<dt class='gallery-icon landscape'>\n\t\t\t\t<img loading=\"lazy\" decoding=\"async\" width=\"780\" height=\"520\" src=\"https:\/\/i0.wp.com\/thewonderlusters.com\/wp-content\/uploads\/2020\/02\/Wales-Cardif-16.jpg?fit=780%2C520&amp;ssl=1\" class=\"attachment-medium size-medium\" alt=\"Wales Cardif 16\" aria-describedby=\"gallery-1-9959\" srcset=\"https:\/\/i0.wp.com\/thewonderlusters.com\/wp-content\/uploads\/2020\/02\/Wales-Cardif-16.jpg?w=2048&amp;ssl=1 2048w, https:\/\/i0.wp.com\/thewonderlusters.com\/wp-content\/uploads\/2020\/02\/Wales-Cardif-16.jpg?resize=780%2C520&amp;ssl=1 780w, https:\/\/i0.wp.com\/thewonderlusters.com\/wp-content\/uploads\/2020\/02\/Wales-Cardif-16.jpg?resize=1170%2C780&amp;ssl=1 1170w\" sizes=\"(max-width: 780px) 100vw, 780px\" \/>\n\t\t\t<\/dt>\n\t\t\t\t<dd class='wp-caption-text gallery-caption' id='gallery-1-9959'>\n\t\t\t\tWales Cardif 16\n\t\t\t\t<\/dd><\/dl><dl class='gallery-item'>\n\t\t\t<dt class='gallery-icon landscape'>\n\t\t\t\t<img loading=\"lazy\" decoding=\"async\" width=\"780\" height=\"520\" src=\"https:\/\/i0.wp.com\/thewonderlusters.com\/wp-content\/uploads\/2020\/02\/Wales-Cardif-15.jpg?fit=780%2C520&amp;ssl=1\" class=\"attachment-medium size-medium\" alt=\"Wales Cardif 15\" aria-describedby=\"gallery-1-9957\" srcset=\"https:\/\/i0.wp.com\/thewonderlusters.com\/wp-content\/uploads\/2020\/02\/Wales-Cardif-15.jpg?w=2048&amp;ssl=1 2048w, https:\/\/i0.wp.com\/thewonderlusters.com\/wp-content\/uploads\/2020\/02\/Wales-Cardif-15.jpg?resize=780%2C520&amp;ssl=1 780w, https:\/\/i0.wp.com\/thewonderlusters.com\/wp-content\/uploads\/2020\/02\/Wales-Cardif-15.jpg?resize=1170%2C780&amp;ssl=1 1170w\" sizes=\"(max-width: 780px) 100vw, 780px\" \/>\n\t\t\t<\/dt>\n\t\t\t\t<dd class='wp-caption-text gallery-caption' id='gallery-1-9957'>\n\t\t\t\tWales Cardif 15\n\t\t\t\t<\/dd><\/dl><dl class='gallery-item'>\n\t\t\t<dt class='gallery-icon landscape'>\n\t\t\t\t<img loading=\"lazy\" decoding=\"async\" width=\"780\" height=\"520\" src=\"https:\/\/i0.wp.com\/thewonderlusters.com\/wp-content\/uploads\/2020\/02\/Wales-Cardif-14.jpg?fit=780%2C520&amp;ssl=1\" class=\"attachment-medium size-medium\" alt=\"Wales Cardif 14\" aria-describedby=\"gallery-1-9955\" srcset=\"https:\/\/i0.wp.com\/thewonderlusters.com\/wp-content\/uploads\/2020\/02\/Wales-Cardif-14.jpg?w=2048&amp;ssl=1 2048w, https:\/\/i0.wp.com\/thewonderlusters.com\/wp-content\/uploads\/2020\/02\/Wales-Cardif-14.jpg?resize=780%2C520&amp;ssl=1 780w, https:\/\/i0.wp.com\/thewonderlusters.com\/wp-content\/uploads\/2020\/02\/Wales-Cardif-14.jpg?resize=1170%2C780&amp;ssl=1 1170w\" sizes=\"(max-width: 780px) 100vw, 780px\" \/>\n\t\t\t<\/dt>\n\t\t\t\t<dd class='wp-caption-text gallery-caption' id='gallery-1-9955'>\n\t\t\t\tWales Cardif 14\n\t\t\t\t<\/dd><\/dl><br style=\"clear: both\" \/><dl class='gallery-item'>\n\t\t\t<dt class='gallery-icon landscape'>\n\t\t\t\t<img loading=\"lazy\" decoding=\"async\" width=\"780\" height=\"520\" src=\"https:\/\/i0.wp.com\/thewonderlusters.com\/wp-content\/uploads\/2020\/02\/Wales-Cardif-13.jpg?fit=780%2C520&amp;ssl=1\" class=\"attachment-medium size-medium\" alt=\"Wales Cardif 13\" aria-describedby=\"gallery-1-9953\" srcset=\"https:\/\/i0.wp.com\/thewonderlusters.com\/wp-content\/uploads\/2020\/02\/Wales-Cardif-13.jpg?w=2048&amp;ssl=1 2048w, https:\/\/i0.wp.com\/thewonderlusters.com\/wp-content\/uploads\/2020\/02\/Wales-Cardif-13.jpg?resize=780%2C520&amp;ssl=1 780w, https:\/\/i0.wp.com\/thewonderlusters.com\/wp-content\/uploads\/2020\/02\/Wales-Cardif-13.jpg?resize=1170%2C780&amp;ssl=1 1170w\" sizes=\"(max-width: 780px) 100vw, 780px\" \/>\n\t\t\t<\/dt>\n\t\t\t\t<dd class='wp-caption-text gallery-caption' id='gallery-1-9953'>\n\t\t\t\tWales Cardif 13\n\t\t\t\t<\/dd><\/dl><dl class='gallery-item'>\n\t\t\t<dt class='gallery-icon landscape'>\n\t\t\t\t<img loading=\"lazy\" decoding=\"async\" width=\"780\" height=\"520\" src=\"https:\/\/i0.wp.com\/thewonderlusters.com\/wp-content\/uploads\/2020\/02\/Wales-Cardif-12.jpg?fit=780%2C520&amp;ssl=1\" class=\"attachment-medium size-medium\" alt=\"Wales Cardif 12\" aria-describedby=\"gallery-1-9951\" srcset=\"https:\/\/i0.wp.com\/thewonderlusters.com\/wp-content\/uploads\/2020\/02\/Wales-Cardif-12.jpg?w=2048&amp;ssl=1 2048w, https:\/\/i0.wp.com\/thewonderlusters.com\/wp-content\/uploads\/2020\/02\/Wales-Cardif-12.jpg?resize=780%2C520&amp;ssl=1 780w, https:\/\/i0.wp.com\/thewonderlusters.com\/wp-content\/uploads\/2020\/02\/Wales-Cardif-12.jpg?resize=1170%2C780&amp;ssl=1 1170w\" sizes=\"(max-width: 780px) 100vw, 780px\" \/>\n\t\t\t<\/dt>\n\t\t\t\t<dd class='wp-caption-text gallery-caption' id='gallery-1-9951'>\n\t\t\t\tWales Cardif 12\n\t\t\t\t<\/dd><\/dl><dl class='gallery-item'>\n\t\t\t<dt class='gallery-icon landscape'>\n\t\t\t\t<img loading=\"lazy\" decoding=\"async\" width=\"780\" height=\"520\" src=\"https:\/\/i0.wp.com\/thewonderlusters.com\/wp-content\/uploads\/2020\/02\/Wales-Cardif-11.jpg?fit=780%2C520&amp;ssl=1\" class=\"attachment-medium size-medium\" alt=\"Wales Cardif 11\" aria-describedby=\"gallery-1-9949\" srcset=\"https:\/\/i0.wp.com\/thewonderlusters.com\/wp-content\/uploads\/2020\/02\/Wales-Cardif-11.jpg?w=2048&amp;ssl=1 2048w, https:\/\/i0.wp.com\/thewonderlusters.com\/wp-content\/uploads\/2020\/02\/Wales-Cardif-11.jpg?resize=780%2C520&amp;ssl=1 780w, https:\/\/i0.wp.com\/thewonderlusters.com\/wp-content\/uploads\/2020\/02\/Wales-Cardif-11.jpg?resize=1170%2C780&amp;ssl=1 1170w\" sizes=\"(max-width: 780px) 100vw, 780px\" \/>\n\t\t\t<\/dt>\n\t\t\t\t<dd class='wp-caption-text gallery-caption' id='gallery-1-9949'>\n\t\t\t\tWales Cardif 11\n\t\t\t\t<\/dd><\/dl><br style=\"clear: both\" \/><dl class='gallery-item'>\n\t\t\t<dt class='gallery-icon landscape'>\n\t\t\t\t<img loading=\"lazy\" decoding=\"async\" width=\"780\" height=\"520\" src=\"https:\/\/i0.wp.com\/thewonderlusters.com\/wp-content\/uploads\/2020\/02\/Wales-Cardif-10.jpg?fit=780%2C520&amp;ssl=1\" class=\"attachment-medium size-medium\" alt=\"Wales Cardif 10\" aria-describedby=\"gallery-1-9947\" srcset=\"https:\/\/i0.wp.com\/thewonderlusters.com\/wp-content\/uploads\/2020\/02\/Wales-Cardif-10.jpg?w=2048&amp;ssl=1 2048w, https:\/\/i0.wp.com\/thewonderlusters.com\/wp-content\/uploads\/2020\/02\/Wales-Cardif-10.jpg?resize=780%2C520&amp;ssl=1 780w, https:\/\/i0.wp.com\/thewonderlusters.com\/wp-content\/uploads\/2020\/02\/Wales-Cardif-10.jpg?resize=1170%2C780&amp;ssl=1 1170w\" sizes=\"(max-width: 780px) 100vw, 780px\" \/>\n\t\t\t<\/dt>\n\t\t\t\t<dd class='wp-caption-text gallery-caption' id='gallery-1-9947'>\n\t\t\t\tWales Cardif 10\n\t\t\t\t<\/dd><\/dl><dl class='gallery-item'>\n\t\t\t<dt class='gallery-icon landscape'>\n\t\t\t\t<img loading=\"lazy\" decoding=\"async\" width=\"780\" height=\"520\" src=\"https:\/\/i0.wp.com\/thewonderlusters.com\/wp-content\/uploads\/2020\/02\/Wales-Cardif-09.jpg?fit=780%2C520&amp;ssl=1\" class=\"attachment-medium size-medium\" alt=\"Wales Cardif 09\" aria-describedby=\"gallery-1-9945\" srcset=\"https:\/\/i0.wp.com\/thewonderlusters.com\/wp-content\/uploads\/2020\/02\/Wales-Cardif-09.jpg?w=2048&amp;ssl=1 2048w, https:\/\/i0.wp.com\/thewonderlusters.com\/wp-content\/uploads\/2020\/02\/Wales-Cardif-09.jpg?resize=780%2C520&amp;ssl=1 780w, https:\/\/i0.wp.com\/thewonderlusters.com\/wp-content\/uploads\/2020\/02\/Wales-Cardif-09.jpg?resize=1170%2C780&amp;ssl=1 1170w\" sizes=\"(max-width: 780px) 100vw, 780px\" \/>\n\t\t\t<\/dt>\n\t\t\t\t<dd class='wp-caption-text gallery-caption' id='gallery-1-9945'>\n\t\t\t\tWales Cardif 09\n\t\t\t\t<\/dd><\/dl><dl class='gallery-item'>\n\t\t\t<dt class='gallery-icon landscape'>\n\t\t\t\t<img loading=\"lazy\" decoding=\"async\" width=\"780\" height=\"520\" src=\"https:\/\/i0.wp.com\/thewonderlusters.com\/wp-content\/uploads\/2020\/02\/Wales-Cardif-08.jpg?fit=780%2C520&amp;ssl=1\" class=\"attachment-medium size-medium\" alt=\"Wales Cardif 08\" aria-describedby=\"gallery-1-9943\" srcset=\"https:\/\/i0.wp.com\/thewonderlusters.com\/wp-content\/uploads\/2020\/02\/Wales-Cardif-08.jpg?w=2048&amp;ssl=1 2048w, https:\/\/i0.wp.com\/thewonderlusters.com\/wp-content\/uploads\/2020\/02\/Wales-Cardif-08.jpg?resize=780%2C520&amp;ssl=1 780w, https:\/\/i0.wp.com\/thewonderlusters.com\/wp-content\/uploads\/2020\/02\/Wales-Cardif-08.jpg?resize=1170%2C780&amp;ssl=1 1170w\" sizes=\"(max-width: 780px) 100vw, 780px\" \/>\n\t\t\t<\/dt>\n\t\t\t\t<dd class='wp-caption-text gallery-caption' id='gallery-1-9943'>\n\t\t\t\tWales Cardif 08\n\t\t\t\t<\/dd><\/dl><br style=\"clear: both\" \/><dl class='gallery-item'>\n\t\t\t<dt class='gallery-icon landscape'>\n\t\t\t\t<img loading=\"lazy\" decoding=\"async\" width=\"780\" height=\"520\" src=\"https:\/\/i0.wp.com\/thewonderlusters.com\/wp-content\/uploads\/2020\/02\/Wales-Cardif-07.jpg?fit=780%2C520&amp;ssl=1\" class=\"attachment-medium size-medium\" alt=\"Wales Cardif 07\" aria-describedby=\"gallery-1-9941\" srcset=\"https:\/\/i0.wp.com\/thewonderlusters.com\/wp-content\/uploads\/2020\/02\/Wales-Cardif-07.jpg?w=2048&amp;ssl=1 2048w, https:\/\/i0.wp.com\/thewonderlusters.com\/wp-content\/uploads\/2020\/02\/Wales-Cardif-07.jpg?resize=780%2C520&amp;ssl=1 780w, https:\/\/i0.wp.com\/thewonderlusters.com\/wp-content\/uploads\/2020\/02\/Wales-Cardif-07.jpg?resize=1170%2C780&amp;ssl=1 1170w\" sizes=\"(max-width: 780px) 100vw, 780px\" \/>\n\t\t\t<\/dt>\n\t\t\t\t<dd class='wp-caption-text gallery-caption' id='gallery-1-9941'>\n\t\t\t\tWales Cardif 07\n\t\t\t\t<\/dd><\/dl><dl class='gallery-item'>\n\t\t\t<dt class='gallery-icon landscape'>\n\t\t\t\t<img loading=\"lazy\" decoding=\"async\" width=\"780\" height=\"520\" src=\"https:\/\/i0.wp.com\/thewonderlusters.com\/wp-content\/uploads\/2020\/02\/Wales-Cardif-06.jpg?fit=780%2C520&amp;ssl=1\" class=\"attachment-medium size-medium\" alt=\"Wales Cardif 06\" aria-describedby=\"gallery-1-9939\" srcset=\"https:\/\/i0.wp.com\/thewonderlusters.com\/wp-content\/uploads\/2020\/02\/Wales-Cardif-06.jpg?w=2048&amp;ssl=1 2048w, https:\/\/i0.wp.com\/thewonderlusters.com\/wp-content\/uploads\/2020\/02\/Wales-Cardif-06.jpg?resize=780%2C520&amp;ssl=1 780w, https:\/\/i0.wp.com\/thewonderlusters.com\/wp-content\/uploads\/2020\/02\/Wales-Cardif-06.jpg?resize=1170%2C780&amp;ssl=1 1170w\" sizes=\"(max-width: 780px) 100vw, 780px\" \/>\n\t\t\t<\/dt>\n\t\t\t\t<dd class='wp-caption-text gallery-caption' id='gallery-1-9939'>\n\t\t\t\tWales Cardif 06\n\t\t\t\t<\/dd><\/dl><dl class='gallery-item'>\n\t\t\t<dt class='gallery-icon landscape'>\n\t\t\t\t<img loading=\"lazy\" decoding=\"async\" width=\"780\" height=\"520\" src=\"https:\/\/i0.wp.com\/thewonderlusters.com\/wp-content\/uploads\/2020\/02\/Wales-Cardif-05.jpg?fit=780%2C520&amp;ssl=1\" class=\"attachment-medium size-medium\" alt=\"Wales Cardif 05\" aria-describedby=\"gallery-1-9937\" srcset=\"https:\/\/i0.wp.com\/thewonderlusters.com\/wp-content\/uploads\/2020\/02\/Wales-Cardif-05.jpg?w=2048&amp;ssl=1 2048w, https:\/\/i0.wp.com\/thewonderlusters.com\/wp-content\/uploads\/2020\/02\/Wales-Cardif-05.jpg?resize=780%2C520&amp;ssl=1 780w, https:\/\/i0.wp.com\/thewonderlusters.com\/wp-content\/uploads\/2020\/02\/Wales-Cardif-05.jpg?resize=1170%2C780&amp;ssl=1 1170w\" sizes=\"(max-width: 780px) 100vw, 780px\" \/>\n\t\t\t<\/dt>\n\t\t\t\t<dd class='wp-caption-text gallery-caption' id='gallery-1-9937'>\n\t\t\t\tWales Cardif 05\n\t\t\t\t<\/dd><\/dl><br style=\"clear: both\" \/><dl class='gallery-item'>\n\t\t\t<dt class='gallery-icon portrait'>\n\t\t\t\t<img loading=\"lazy\" decoding=\"async\" width=\"780\" height=\"1170\" src=\"https:\/\/i0.wp.com\/thewonderlusters.com\/wp-content\/uploads\/2020\/02\/Wales-Cardif-04.jpg?fit=780%2C1170&amp;ssl=1\" class=\"attachment-medium size-medium\" alt=\"Wales Cardif 04\" aria-describedby=\"gallery-1-9935\" srcset=\"https:\/\/i0.wp.com\/thewonderlusters.com\/wp-content\/uploads\/2020\/02\/Wales-Cardif-04.jpg?w=1365&amp;ssl=1 1365w, https:\/\/i0.wp.com\/thewonderlusters.com\/wp-content\/uploads\/2020\/02\/Wales-Cardif-04.jpg?resize=780%2C1170&amp;ssl=1 780w, https:\/\/i0.wp.com\/thewonderlusters.com\/wp-content\/uploads\/2020\/02\/Wales-Cardif-04.jpg?resize=1170%2C1755&amp;ssl=1 1170w\" sizes=\"(max-width: 780px) 100vw, 780px\" \/>\n\t\t\t<\/dt>\n\t\t\t\t<dd class='wp-caption-text gallery-caption' id='gallery-1-9935'>\n\t\t\t\tWales Cardif 04\n\t\t\t\t<\/dd><\/dl><dl class='gallery-item'>\n\t\t\t<dt class='gallery-icon landscape'>\n\t\t\t\t<img loading=\"lazy\" decoding=\"async\" width=\"780\" height=\"520\" src=\"https:\/\/i0.wp.com\/thewonderlusters.com\/wp-content\/uploads\/2020\/02\/Wales-Cardif-03.jpg?fit=780%2C520&amp;ssl=1\" class=\"attachment-medium size-medium\" alt=\"Wales Cardif 03\" aria-describedby=\"gallery-1-9933\" srcset=\"https:\/\/i0.wp.com\/thewonderlusters.com\/wp-content\/uploads\/2020\/02\/Wales-Cardif-03.jpg?w=2048&amp;ssl=1 2048w, https:\/\/i0.wp.com\/thewonderlusters.com\/wp-content\/uploads\/2020\/02\/Wales-Cardif-03.jpg?resize=780%2C520&amp;ssl=1 780w, https:\/\/i0.wp.com\/thewonderlusters.com\/wp-content\/uploads\/2020\/02\/Wales-Cardif-03.jpg?resize=1170%2C780&amp;ssl=1 1170w\" sizes=\"(max-width: 780px) 100vw, 780px\" \/>\n\t\t\t<\/dt>\n\t\t\t\t<dd class='wp-caption-text gallery-caption' id='gallery-1-9933'>\n\t\t\t\tWales Cardif 03\n\t\t\t\t<\/dd><\/dl><dl class='gallery-item'>\n\t\t\t<dt class='gallery-icon portrait'>\n\t\t\t\t<img loading=\"lazy\" decoding=\"async\" width=\"780\" height=\"1170\" src=\"https:\/\/i0.wp.com\/thewonderlusters.com\/wp-content\/uploads\/2020\/02\/Wales-Cardif-02.jpg?fit=780%2C1170&amp;ssl=1\" class=\"attachment-medium size-medium\" alt=\"Wales Cardif 02\" aria-describedby=\"gallery-1-9931\" srcset=\"https:\/\/i0.wp.com\/thewonderlusters.com\/wp-content\/uploads\/2020\/02\/Wales-Cardif-02.jpg?w=1365&amp;ssl=1 1365w, https:\/\/i0.wp.com\/thewonderlusters.com\/wp-content\/uploads\/2020\/02\/Wales-Cardif-02.jpg?resize=780%2C1170&amp;ssl=1 780w, https:\/\/i0.wp.com\/thewonderlusters.com\/wp-content\/uploads\/2020\/02\/Wales-Cardif-02.jpg?resize=1170%2C1755&amp;ssl=1 1170w\" sizes=\"(max-width: 780px) 100vw, 780px\" \/>\n\t\t\t<\/dt>\n\t\t\t\t<dd class='wp-caption-text gallery-caption' id='gallery-1-9931'>\n\t\t\t\tWales Cardif 02\n\t\t\t\t<\/dd><\/dl><br style=\"clear: both\" \/><dl class='gallery-item'>\n\t\t\t<dt class='gallery-icon landscape'>\n\t\t\t\t<img loading=\"lazy\" decoding=\"async\" width=\"780\" height=\"520\" src=\"https:\/\/i0.wp.com\/thewonderlusters.com\/wp-content\/uploads\/2020\/02\/Wales-Cardif-01.jpg?fit=780%2C520&amp;ssl=1\" class=\"attachment-medium size-medium\" alt=\"Wales Cardif 01\" aria-describedby=\"gallery-1-9929\" srcset=\"https:\/\/i0.wp.com\/thewonderlusters.com\/wp-content\/uploads\/2020\/02\/Wales-Cardif-01.jpg?w=2048&amp;ssl=1 2048w, https:\/\/i0.wp.com\/thewonderlusters.com\/wp-content\/uploads\/2020\/02\/Wales-Cardif-01.jpg?resize=780%2C520&amp;ssl=1 780w, https:\/\/i0.wp.com\/thewonderlusters.com\/wp-content\/uploads\/2020\/02\/Wales-Cardif-01.jpg?resize=1170%2C780&amp;ssl=1 1170w\" sizes=\"(max-width: 780px) 100vw, 780px\" \/>\n\t\t\t<\/dt>\n\t\t\t\t<dd class='wp-caption-text gallery-caption' id='gallery-1-9929'>\n\t\t\t\tWales Cardif 01\n\t\t\t\t<\/dd><\/dl>\n\t\t\t<br style='clear: both' \/>\n\t\t<\/div>\n\n","protected":false},"excerpt":{"rendered":"<p>\u21d2 Pour en savoir plus sur le Pays de Galles<\/p>\n","protected":false},"author":2,"featured_media":3199,"parent":38751,"menu_order":0,"comment_status":"closed","ping_status":"closed","template":"","meta":{"_lmt_disableupdate":"no","_lmt_disable":"","footnotes":""},"class_list":["post-38966","page","type-page","status-publish","has-post-thumbnail","hentry"],"jetpack_sharing_enabled":true,"_links":{"self":[{"href":"https:\/\/thewonderlusters.com\/fr\/wp-json\/wp\/v2\/pages\/38966","targetHints":{"allow":["GET"]}}],"collection":[{"href":"https:\/\/thewonderlusters.com\/fr\/wp-json\/wp\/v2\/pages"}],"about":[{"href":"https:\/\/thewonderlusters.com\/fr\/wp-json\/wp\/v2\/types\/page"}],"author":[{"embeddable":true,"href":"https:\/\/thewonderlusters.com\/fr\/wp-json\/wp\/v2\/users\/2"}],"replies":[{"embeddable":true,"href":"https:\/\/thewonderlusters.com\/fr\/wp-json\/wp\/v2\/comments?post=38966"}],"version-history":[{"count":0,"href":"https:\/\/thewonderlusters.com\/fr\/wp-json\/wp\/v2\/pages\/38966\/revisions"}],"up":[{"embeddable":true,"href":"https:\/\/thewonderlusters.com\/fr\/wp-json\/wp\/v2\/pages\/38751"}],"wp:featuredmedia":[{"embeddable":true,"href":"https:\/\/thewonderlusters.com\/fr\/wp-json\/wp\/v2\/media\/3199"}],"wp:attachment":[{"href":"https:\/\/thewonderlusters.com\/fr\/wp-json\/wp\/v2\/media?parent=38966"}],"curies":[{"name":"wp","href":"https:\/\/api.w.org\/{rel}","templated":true}]}}