{"id":8254,"date":"2019-11-20T18:23:34","date_gmt":"2019-11-20T22:23:34","guid":{"rendered":"https:\/\/thewonderlusters.com\/?page_id=8254"},"modified":"2020-03-15T14:30:37","modified_gmt":"2020-03-15T19:30:37","slug":"politique-de-confidentialite","status":"publish","type":"page","link":"https:\/\/thewonderlusters.com\/fr\/politique-de-confidentialite\/","title":{"rendered":"Politique de confidentialit\u00e9"},"content":{"rendered":"<p>The Wonderlusters se trouvant sur https:\/\/thewonderlusters.com\/ ( &#8220;Site Web&#8221; ) est r\u00e9gi par la politique de confidentialit\u00e9 suivante ( &#8220;Politique de confidentialit\u00e9&#8221; ).<\/p>\n<p>Nous respectons votre vie priv\u00e9e et nous nous engageons \u00e0 la prot\u00e9ger. Le but de cette politique de confidentialit\u00e9 est de vous informer sur les renseignements personnels identifiables que nous pouvons recueillir et sur la fa\u00e7on dont ils peuvent \u00eatre utilis\u00e9s. Cette d\u00e9claration ne s&#8217;applique qu&#8217;\u00e0 ce site Web.<\/p>\n<h2>QUELLES SONT LES INFORMATIONS QUE NOUS RECUEILLONS ET COMMENT SONT-ELLES UTILIS\u00c9ES ?<\/h2>\n<p><strong>Informations que vous soumettez volontairement sur le site Web:<\/strong>\u00a0Nous pouvons recueillir des renseignements personnels \u00e0 votre sujet, comme votre nom ou votre adresse \u00e9lectronique. Par exemple, vous pouvez soumettre volontairement des renseignements au site Web en laissant un commentaire, en vous abonnant \u00e0 un bulletin ou en soumettant un formulaire de contact.<\/p>\n<p><strong>Renseignements recueillis automatiquement:<\/strong>\u00a0Nous recueillons automatiquement certains renseignements \u00e0 votre sujet et sur l&#8217;appareil avec lequel vous acc\u00e9dez au site Web. Par exemple, lorsque vous utilisez le site Web, nous enregistrons votre adresse IP, le type de syst\u00e8me d&#8217;exploitation, le type de navigateur, le site Web de r\u00e9f\u00e9rence, les pages que vous avez consult\u00e9es et les dates et heures auxquelles vous avez consult\u00e9 le site Web. Nous pouvons \u00e9galement recueillir des renseignements sur les mesures que vous prenez lorsque vous utilisez le site Web, comme les liens sur lesquels vous avez cliqu\u00e9.<\/p>\n<p><strong>Cookies:<\/strong>\u00a0Nous pouvons enregistrer des informations \u00e0 l&#8217;aide de cookies, qui sont de petits fichiers de donn\u00e9es stock\u00e9s sur votre navigateur par le site Web. Nous pouvons utiliser \u00e0 la fois des cookies de session, qui expirent lorsque vous fermez votre navigateur, et des cookies persistants, qui restent sur votre navigateur jusqu&#8217;\u00e0 ce qu&#8217;ils soient supprim\u00e9s, pour vous offrir une exp\u00e9rience plus personnalis\u00e9e sur le site Web.<\/p>\n<h2>LA FA\u00c7ON DONT VOS RENSEIGNEMENTS PERSONNELS PEUVENT \u00caTRE UTILIS\u00c9S<\/h2>\n<p>Nous pouvons utiliser les renseignements recueillis de la fa\u00e7on suivante :<\/p>\n<ul>\n<li>Exploiter et maintenir le site Web ;<\/li>\n<li>Pour vous envoyer de l&#8217;information promotionnelle, comme des bulletins d&#8217;information. Chaque promotion par courriel fournira de l&#8217;information sur la fa\u00e7on de se retirer des envois futurs ;<\/li>\n<li>Pour vous envoyer des communications administratives, telles que des courriels administratifs, des courriels de confirmation, des avis techniques, des mises \u00e0 jour sur les politiques ou des alertes de s\u00e9curit\u00e9 ;<\/li>\n<li>Pour r\u00e9pondre \u00e0 vos commentaires ou demandes de renseignements ;<\/li>\n<li>Pour suivre et mesurer la publicit\u00e9 sur le site Web ;<\/li>\n<li>Prot\u00e9ger, enqu\u00eater et dissuader contre les activit\u00e9s non autoris\u00e9es ou ill\u00e9gales.<\/li>\n<\/ul>\n<h2>L&#8217;UTILISATION DES RENSEIGNEMENTS PERSONNELS PAR DES TIERS<\/h2>\n<p>Nous pouvons partager vos informations avec des tiers lorsque vous nous autorisez explicitement \u00e0 partager vos informations.<\/p>\n<p>De plus, le site Web peut faire appel \u00e0 des fournisseurs de services tiers pour assurer le service de divers aspects du site Web. L&#8217;utilisation de vos renseignements personnels par chaque tiers fournisseur de services est dict\u00e9e par leurs politiques de confidentialit\u00e9 respectives.<\/p>\n<p>Le site Web fait actuellement appel aux tiers fournisseurs de services suivants :<\/p>\n<p>Google Analytics &#8211; ce service assure le suivi de l&#8217;utilisation du site Web et fournit des informations telles que les sites Web de r\u00e9f\u00e9rence et les actions de l&#8217;utilisateur sur le site Web. Google Analytics peut saisir votre adresse IP, mais aucune autre information personnelle n&#8217;est saisie par Google Analytics.<\/p>\n<p>MailChimp &#8211; ce service est utilis\u00e9 pour la livraison de mises \u00e0 jour par courriel et de bulletins d&#8217;information. Nous conservons votre nom et votre adresse \u00e9lectronique aux fins de l&#8217;envoi de ces communications.\u00a0 Veuillez consulter la <a href=\"https:\/\/mailchimp.com\/legal\/privacy\/\" rel=\"noopener\">politique de confidentialit\u00e9 de MailChimp<\/a> pour plus d&#8217;informations.<\/p>\n<p>\u00c0 l&#8217;heure actuelle, vos renseignements personnels ne sont pas partag\u00e9s avec d&#8217;autres applications tierces. Cette liste peut \u00eatre modifi\u00e9e de temps \u00e0 autre \u00e0 la seule discr\u00e9tion du site Web.<\/p>\n<p>Sauf lorsque la loi l&#8217;exige, nous ne vendrons, ne distribuerons ni ne r\u00e9v\u00e9lerons vos adresses \u00e9lectroniques ou autres renseignements personnels sans votre consentement ; toutefois, nous pouvons divulguer ou transf\u00e9rer les renseignements personnels recueillis par l&#8217;entremise du site Web \u00e0 des tiers qui acqui\u00e8rent la totalit\u00e9 ou une partie de nos activit\u00e9s, ce qui peut r\u00e9sulter d&#8217;une fusion, d&#8217;un regroupement ou de l&#8217;achat d&#8217;une partie ou de la totalit\u00e9 de nos actifs, ou dans le cadre de toute faillite ou d&#8217;une restructuration intent\u00e9e par ou \u00e0 notre endroit.<\/p>\n<h2>DONN\u00c9ES ANONYMES<\/h2>\n<p>De temps \u00e0 autre, nous pouvons utiliser des donn\u00e9es anonymes, qui ne permettent pas de vous identifier seul, ou lorsqu&#8217;elles sont combin\u00e9es avec des donn\u00e9es provenant d&#8217;autres parties. Ce type de donn\u00e9es anonymes peut \u00eatre fourni \u00e0 d&#8217;autres parties \u00e0 des fins de marketing, de publicit\u00e9 ou autres. Des exemples de ces donn\u00e9es anonymes peuvent inclure des analyses ou des informations collect\u00e9es \u00e0 partir de cookies.<\/p>\n<h2>COOKIES<\/h2>\n<p>Le site Web utilise des cookies pour stocker les pr\u00e9f\u00e9rences des visiteurs, enregistrer des informations sp\u00e9cifiques \u00e0 l&#8217;utilisateur sur les pages auxquelles il acc\u00e8de ou qu&#8217;il visite, s&#8217;assurer que les visiteurs ne re\u00e7oivent pas \u00e0 r\u00e9p\u00e9tition les m\u00eames banni\u00e8res publicitaires, personnaliser le contenu du site en fonction du type de navigateur des visiteurs ou autres informations que le visiteur envoie. Les cookies peuvent \u00e9galement \u00eatre utilis\u00e9s par des services tiers, tels que Google Analytics, comme d\u00e9crit ci-apr\u00e8s.<\/p>\n<p>L&#8217;Utilisateur peut, \u00e0 tout moment, s&#8217;opposer \u00e0 l&#8217;installation de cookies, par le Site, en utilisant un param\u00e9trage correspondant de son navigateur Internet et peut ainsi s&#8217;opposer d\u00e9finitivement \u00e0 l&#8217;installation de cookies. En outre, les cookies d\u00e9j\u00e0 configur\u00e9s peuvent \u00eatre effac\u00e9s \u00e0 tout moment via un navigateur Internet ou d&#8217;autres programmes logiciels. Ceci est possible dans tous les navigateurs Internet courants. Toutefois, si les utilisateurs d\u00e9sactivent le r\u00e9glage des cookies dans votre navigateur Internet, toutes les fonctions de notre site Web peuvent ne pas \u00eatre enti\u00e8rement utilisables.<\/p>\n<h2>PUBLICIT\u00c9<\/h2>\n<p><strong>Annonces<\/strong><\/p>\n<p>Nous pouvons faire appel \u00e0 des soci\u00e9t\u00e9s de publicit\u00e9 tierces pour diffuser du contenu et des publicit\u00e9s lorsque vous visitez le site Web, lesquelles peuvent utiliser des cookies, comme indiqu\u00e9 ci-dessus.<\/p>\n<p><strong>Reciblage<\/strong><\/p>\n<p>De temps \u00e0 autre, le site Web peut s&#8217;engager dans des efforts de remarketing avec des soci\u00e9t\u00e9s tierces, telles que Google, Facebook ou Instagram, afin de commercialiser le site Web. Ces soci\u00e9t\u00e9s utilisent des cookies pour diffuser des annonces bas\u00e9es sur les visites pass\u00e9es de quelqu&#8217;un sur le site Web.<\/p>\n<p><strong>Programme d&#8217;affiliation<\/strong><\/p>\n<p>Certains liens vers des produits\/services sont des liens d&#8217;affiliation, et une commission peut \u00eatre touch\u00e9e pour tout achat que vous effectuez. Cela ne vous occasionnera pas de frais suppl\u00e9mentaires.<\/p>\n<p>Bien que certains liens ne sont pas n\u00e9cessairement des liens d&#8217;affiliation, vous devez supposer que tous les liens menant \u00e0 des produits ou services en sont et que nous recevrons une commission sur votre achat.<\/p>\n<p><strong>Bulletins de nouvelles<\/strong><\/p>\n<p>Sur le Site, vous pouvez vous abonner \u00e0 notre newsletter, qui peut \u00eatre utilis\u00e9e \u00e0 des fins publicitaires. Tous les bulletins d&#8217;information envoy\u00e9s peuvent contenir des liens de suivi. Les liens sont int\u00e9gr\u00e9s dans les courriels et permettent une analyse du succ\u00e8s des campagnes de marketing en ligne. Gr\u00e2ce \u00e0 ces liens de suivi, nous pouvons voir si et quand vous ouvrez un courriel et quels liens dans le courriel vous cliquez. De plus, cela permet au site Web d&#8217;adapter le contenu des futures lettres d&#8217;information aux int\u00e9r\u00eats de l&#8217;utilisateur. Ce comportement ne sera pas transmis \u00e0 des tiers.<\/p>\n<h2>DONN\u00c9ES PERSONNELLES SENSIBLES<\/h2>\n<p>\u00c0 aucun moment, vous ne devez soumettre des donn\u00e9es personnelles sensibles au site Web. Cela comprend votre num\u00e9ro d&#8217;assurance sociale, des renseignements sur votre race ou votre origine ethnique, vos opinions politiques, vos croyances religieuses, vos renseignements sur votre sant\u00e9, votre casier judiciaire ou votre affiliation syndicale. Si vous choisissez de nous soumettre de tels renseignements, ils seront assujettis \u00e0 la pr\u00e9sente politique de confidentialit\u00e9.<\/p>\n<h2>CONTACT<\/h2>\n<p>En tout temps, veuillez <a href=\"https:\/\/thewonderlusters.com\/fr\/contact\/\">communiquer avec nous<\/a> pour toute question relative \u00e0 la pr\u00e9sente politique de confidentialit\u00e9.<\/p>\n<p>Derni\u00e8re mise \u00e0 jour: 21 novembre, 2019.<\/p>\n","protected":false},"excerpt":{"rendered":"<p>The Wonderlusters se trouvant sur https:\/\/thewonderlusters.com\/ ( &#8220;Site Web&#8221; ) est r\u00e9gi par la politique de confidentialit\u00e9 suivante ( &#8220;Politique de confidentialit\u00e9&#8221; ). Nous&hellip;<\/p>\n","protected":false},"author":2,"featured_media":0,"parent":0,"menu_order":0,"comment_status":"closed","ping_status":"closed","template":"","meta":{"_lmt_disableupdate":"no","_lmt_disable":"yes","footnotes":""},"class_list":["post-8254","page","type-page","status-publish","hentry"],"jetpack_sharing_enabled":true,"_links":{"self":[{"href":"https:\/\/thewonderlusters.com\/fr\/wp-json\/wp\/v2\/pages\/8254","targetHints":{"allow":["GET"]}}],"collection":[{"href":"https:\/\/thewonderlusters.com\/fr\/wp-json\/wp\/v2\/pages"}],"about":[{"href":"https:\/\/thewonderlusters.com\/fr\/wp-json\/wp\/v2\/types\/page"}],"author":[{"embeddable":true,"href":"https:\/\/thewonderlusters.com\/fr\/wp-json\/wp\/v2\/users\/2"}],"replies":[{"embeddable":true,"href":"https:\/\/thewonderlusters.com\/fr\/wp-json\/wp\/v2\/comments?post=8254"}],"version-history":[{"count":0,"href":"https:\/\/thewonderlusters.com\/fr\/wp-json\/wp\/v2\/pages\/8254\/revisions"}],"wp:attachment":[{"href":"https:\/\/thewonderlusters.com\/fr\/wp-json\/wp\/v2\/media?parent=8254"}],"curies":[{"name":"wp","href":"https:\/\/api.w.org\/{rel}","templated":true}]}}