{"id":9367,"date":"2020-01-27T18:21:53","date_gmt":"2020-01-27T23:21:53","guid":{"rendered":"https:\/\/thewonderlusters.com\/destination-page\/"},"modified":"2020-10-30T16:44:22","modified_gmt":"2020-10-30T21:44:22","slug":"destinations","status":"publish","type":"page","link":"https:\/\/thewonderlusters.com\/fr\/destinations\/","title":{"rendered":"D\u00e9couvrez nos destinations"},"content":{"rendered":"\t\t<div data-elementor-type=\"wp-page\" data-elementor-id=\"9367\" class=\"elementor elementor-9367\">\n\t\t\t\t\t\t<section class=\"penci-section penci-disSticky penci-structure-10 elementor-section elementor-top-section elementor-element elementor-element-17129f4 elementor-section-boxed elementor-section-height-default elementor-section-height-default\" data-id=\"17129f4\" data-element_type=\"section\">\n\t\t\t\t\t\t<div class=\"elementor-container elementor-column-gap-default\">\n\t\t\t\t\t<div class=\"penci-ercol-100 penci-ercol-order-1 penci-sticky-ct    elementor-column elementor-col-100 elementor-top-column elementor-element elementor-element-5088f37\" data-id=\"5088f37\" data-element_type=\"column\">\n\t\t\t<div class=\"elementor-widget-wrap elementor-element-populated\">\n\t\t\t\t\t\t<div class=\"elementor-element elementor-element-d4f9352 elementor-widget elementor-widget-text-editor\" data-id=\"d4f9352\" data-element_type=\"widget\" data-widget_type=\"text-editor.default\">\n\t\t\t\t<div class=\"elementor-widget-container\">\n\t\t\t\t\t\t\t<p><strong>En qu\u00eate d&#8217;inspiration? Par nos articles agr\u00e9ment\u00e9s de superbes photos, nous souhaitons vous inspirer \u00e0 vivre des exp\u00e9riences transformatrices en vous introduisant \u00e0 de magnifiques destinations.<\/strong><\/p><p>Nous avons d\u00e9ja visit\u00e9 56 pays et territoires, ainsi que 24 des 50 \u00c9tats am\u00e9ricains!<\/p><p>Voici une carte interactive montrant tous\u00a0<strong><span style=\"color: #000080;\">les destinations que nous avons d\u00e9j\u00e0 visit\u00e9es (en bleu)<\/span><\/strong>\u00a0et\u00a0<span style=\"color: #ff6600;\"><strong>celles que nous r\u00eavons de visiter (en rouge)<\/strong><\/span>. Cliquez sur un pays en bleu pour naviguer vers la liste des articles du continent correspondant.\u00a0<strong>Les destinations pr\u00e9sent\u00e9es en caract\u00e8res gras sont nos pr\u00e9f\u00e9r\u00e9es !<\/strong><\/p><p><div id=\"chartdiv\" style=\"width: 100%; height: 600px;\"><\/div>\r\n<div id=\"legenddiv\"><\/div><\/p>\t\t\t\t\t\t<\/div>\n\t\t\t\t<\/div>\n\t\t\t\t\t<\/div>\n\t\t<\/div>\n\t\t\t\t\t<\/div>\n\t\t<\/section>\n\t\t\t\t<section class=\"penci-section penci-disSticky penci-structure-10 elementor-section elementor-top-section elementor-element elementor-element-5dceb27d elementor-section-boxed elementor-section-height-default elementor-section-height-default\" data-id=\"5dceb27d\" data-element_type=\"section\">\n\t\t\t\t\t\t<div class=\"elementor-container elementor-column-gap-default\">\n\t\t\t\t\t<div class=\"penci-ercol-100 penci-ercol-order-1 penci-sticky-ct    elementor-column elementor-col-100 elementor-top-column elementor-element elementor-element-153b95bf\" data-id=\"153b95bf\" data-element_type=\"column\">\n\t\t\t<div class=\"elementor-widget-wrap elementor-element-populated\">\n\t\t\t\t\t\t<div class=\"elementor-element elementor-element-546d3510 elementor-widget elementor-widget-text-editor\" data-id=\"546d3510\" data-element_type=\"widget\" data-widget_type=\"text-editor.default\">\n\t\t\t\t<div class=\"elementor-widget-container\">\n\t\t\t\t\t\t\t<h2><a href=\"https:\/\/thewonderlusters.com\/fr\/destination\/asie\/\"><span id=\"Asia\">Asie<\/span><\/a><\/h2>\n<table width=\"100%\">\n<tbody>\n<tr>\n<td><a href=\"https:\/\/thewonderlusters.com\/fr\/visite-birmanie-chiffres-photos\/\">Birmanie<\/a><\/td>\n<td><strong>Bagan<\/strong>, Bago, <strong>Inle Lake<\/strong>, Kalaw, Loikaw, Mandalay, Naypyidaw, <strong>Yangon<\/strong><\/td>\n<\/tr>\n<tr>\n<td width=\"20%\"><a href=\"https:\/\/thewonderlusters.com\/fr\/visite-cambodge-chiffres-photos\/\">Cambodge<\/a><\/td>\n<td width=\"80%\">Battambang, Phnom Penh, <strong>Siem Reap<\/strong><\/td>\n<\/tr>\n<tr>\n<td>Chine<\/td>\n<td>P\u00e9kin, <strong>Xi\u2019an<\/strong><\/td>\n<\/tr>\n<tr>\n<td>Cor\u00e9e du Sud<\/td>\n<td><strong>Seoul<\/strong><\/td>\n<\/tr>\n<tr>\n<td><a href=\"https:\/\/thewonderlusters.com\/fr\/visite-hong-kong-macao-chiffres-photos\/\">Hong Kong<\/a><\/td>\n<td>Hong Kong, <strong>Kowloon<\/strong>, Ile de Lantau<\/td>\n<\/tr>\n<tr>\n<td><a href=\"https:\/\/thewonderlusters.com\/fr\/visite-inde-chiffres-photos\/\">Inde<\/a><\/td>\n<td><strong>Agra<\/strong>, <strong>Benares<\/strong>, Bundi, Chittorgarh, Delhi, <strong>Jaipur<\/strong>, Jodhpur, <strong>Khajuraho<\/strong>, Orchha, Pushkar, Ranakpur, Udaipur,<\/td>\n<\/tr>\n<tr>\n<td><a href=\"https:\/\/thewonderlusters.com\/fr\/visite-indonesie-chiffres-photos\/\">Indon\u00e9sie<\/a><\/td>\n<td>Bali (Kuta, <strong>Munduk<\/strong>, <strong>Ubud<\/strong>, Nusa Dua)<\/td>\n<\/tr>\n<tr>\n<td><a href=\"https:\/\/thewonderlusters.com\/fr\/visite-japon-chiffres-photos\/\">Japon<\/a><\/td>\n<td>Himeji, <strong>Kyoto<\/strong>, Nara, Osaka, <strong>Tokyo<\/strong><\/td>\n<\/tr>\n<tr>\n<td><a href=\"https:\/\/thewonderlusters.com\/fr\/visite-hong-kong-macao-chiffres-photos\/\">Macao<\/a><\/td>\n<td><strong>Macao<\/strong><\/td>\n<\/tr>\n<tr>\n<td><a href=\"https:\/\/thewonderlusters.com\/fr\/visite-malaisie-chiffres-photos\/\">Malaisie<\/a><\/td>\n<td>Desaru, Johor, <strong>Kuala Lumpur<\/strong>, <strong>Kuching<\/strong><\/td>\n<\/tr>\n<tr>\n<td><a href=\"https:\/\/thewonderlusters.com\/fr\/visite-philippines-chiffres-photos\/\">Les iles Philippines<\/a><\/td>\n<td>Bohol, Cebu, <strong>Coron<\/strong>, <strong>El Nido<\/strong><\/td>\n<\/tr>\n<tr>\n<td><a href=\"https:\/\/thewonderlusters.com\/fr\/visite-singapour-chiffres-photos\/\">Singapour<\/a><\/td>\n<td><strong>Singapour<\/strong><\/td>\n<\/tr>\n<tr>\n<td><a href=\"https:\/\/thewonderlusters.com\/fr\/visite-sri-lanka-chiffres-photos\/\">Sri Lanka<\/a><\/td>\n<td>Anuradhapura, Colombo, Dambulla, <strong>Ella<\/strong>, Galle, Kandy, Negombo, <strong>Mirissa<\/strong>, <strong>Nuwara Eliya<\/strong>, Sigiriya<\/td>\n<\/tr>\n<tr>\n<td><a href=\"https:\/\/thewonderlusters.com\/fr\/visite-taiwan-chiffres-photos\/\">Ta\u00efwan<\/a><\/td>\n<td><strong>Taipei<\/strong>, Taichung<\/td>\n<\/tr>\n<tr>\n<td><a href=\"https:\/\/thewonderlusters.com\/fr\/visite-thailande-chiffres-photos\/\">Tha\u00eflande<\/a><\/td>\n<td>Ayutthaya, <strong>Bangkok<\/strong>, <strong>Chiang Mai<\/strong>, Chiang Rai, Koh Lanta, <strong>Phang Nga<\/strong>, Phuket<\/td>\n<\/tr>\n<tr>\n<td><a href=\"https:\/\/thewonderlusters.com\/fr\/visite-vietnam-chiffres-photos\/\">Vietnam<\/a><\/td>\n<td>Can Tho, <strong>Hanoi<\/strong>, Haiphong, Ho Chi Minh Ville<\/td>\n<\/tr>\n<\/tbody>\n<\/table>\n<h2><a href=\"https:\/\/thewonderlusters.com\/fr\/destination\/europe\/\"><span id=\"Europe\">Europe<\/span><\/a><\/h2>\n<table width=\"100%\">\n<tbody>\n<tr>\n<td><a href=\"https:\/\/thewonderlusters.com\/fr\/visite-allemagne-chiffres-photos\/\">Allemagne<\/a><\/td>\n<td><strong>Aix-la-Chapelle<\/strong>, Bamberg, <strong>Berlin<\/strong>, Bonn, Cologne, <strong>Desde<\/strong>, Francfort, Heidelberg, Munich, Nuremberg, Potsdam, Stuttgart, <strong>Trier<\/strong>, Wiesbaden<\/td>\n<\/tr>\n<tr>\n<td><a href=\"https:\/\/thewonderlusters.com\/fr\/visite-au-royaume-uni-chiffres-et-photos\/\">Angleterre<\/a><\/td>\n<td>Bath, Bristol, <strong>Londres<\/strong>, Oxford, Portsmouth, Stratford-upon-Avon<\/td>\n<\/tr>\n<tr>\n<td width=\"20%\"><a href=\"https:\/\/thewonderlusters.com\/fr\/visite-autriche-chiffres-photos\/\">Autriche<\/a><\/td>\n<td width=\"80%\"><strong>Hallstatt<\/strong>, Linz, <strong>Salzbourg<\/strong>, <strong>Vienne<\/strong><\/td>\n<\/tr>\n<tr>\n<td><a href=\"https:\/\/thewonderlusters.com\/fr\/visite-benelux-chiffres-photos\/\">Belgique<\/a><\/td>\n<td><strong>Anvers<\/strong>, Bruxelles, <strong>Bruges<\/strong>, Gand<\/td>\n<\/tr>\n<tr>\n<td><a href=\"https:\/\/thewonderlusters.com\/fr\/visite-bulgarie-chiffres-photos\/\">Bulgarie<\/a><\/td>\n<td>Sofia<\/td>\n<\/tr>\n<tr>\n<td><a href=\"https:\/\/thewonderlusters.com\/fr\/visite-chypre-chiffres-photos\/\">Chypre<\/a><\/td>\n<td><strong>Ayia Napa<\/strong>, Larnaka, Limassol, Paphos<\/td>\n<\/tr>\n<tr>\n<td><a href=\"https:\/\/thewonderlusters.com\/fr\/visite-croatie-chiffres-photos\/\">Croatie<\/a><\/td>\n<td><strong>Plitvice<\/strong>, Pula, <strong>Rovinj<\/strong>, Sibenik, Split, <strong>Trogir<\/strong>, Zadar<\/td>\n<\/tr>\n<tr>\n<td><a href=\"https:\/\/thewonderlusters.com\/fr\/visite-france-chiffres-photos\/\">France<\/a><\/td>\n<td><strong>Annecy<\/strong>, Angers, Arles, <strong>Avignon<\/strong>, <strong>Carcassonne<\/strong>, Belfort, Besan\u00e7on, <strong>Bordeaux<\/strong>, Cannes, <strong>Colmar<\/strong>, Dijon, La Rochelle, Le Havre, Lyon, Marseille, Metz, Montpellier, Mulhouse, Nancy, Nantes, Nice, Nimes, Paris, Perpignan, Rennes, Rouen, <strong>Saint-Malo<\/strong>, <strong>Strasbourg<\/strong>, Toulouse, Versailles<\/td>\n<\/tr>\n<tr>\n<td><a href=\"https:\/\/thewonderlusters.com\/fr\/visite-espagne-chiffres-photos\/\">Espagne<\/a><\/td>\n<td>Alicante, <strong>Barcelone<\/strong>, <strong>Cordoue<\/strong>, <strong>Grenade<\/strong>, Madrid, Murcie, <strong>Ronda<\/strong>, Salamanque, <strong>S\u00e9ville<\/strong>, Valence<\/td>\n<\/tr>\n<tr>\n<td><a href=\"https:\/\/thewonderlusters.com\/fr\/visite-espagne-chiffres-photos\/\">Gibraltar<\/a><\/td>\n<td>Gibraltar<\/td>\n<\/tr>\n<tr>\n<td><a href=\"https:\/\/thewonderlusters.com\/fr\/visite-grece-chiffres-photos\/\">Gr\u00e8ce<\/a><\/td>\n<td>Ath\u00e8nes, <strong>Cr\u00eate<\/strong> (Heraklion, Chania), Corinthe, <strong>Delphe<\/strong>, <strong>M\u00e9t\u00e9ores<\/strong>, <strong>Mykonos<\/strong>, Naxos, <strong>Santorin<\/strong> (Fira, Imerovigli, Oia, Perissa)<\/td>\n<\/tr>\n<tr>\n<td><a href=\"https:\/\/thewonderlusters.com\/fr\/visite-europe-centrale-chiffres-photos\/\">Hongrie<\/a><\/td>\n<td>Budapest<\/td>\n<\/tr>\n<tr>\n<td><a href=\"https:\/\/thewonderlusters.com\/fr\/visite-italie-slovenie-chiffres-photos\/\">Italie<\/a><\/td>\n<td>Bologne, <strong>Florence<\/strong>, <strong>G\u00eanes<\/strong>, <strong>Rome,<\/strong> <strong>Milan<\/strong>, Padoue, Parme, Pise, Trieste, Turin, <strong>Venise<\/strong>, Verone<\/td>\n<\/tr>\n<tr>\n<td><a href=\"https:\/\/thewonderlusters.com\/fr\/visite-en-islande-chiffres-et-photos\/\">Islande<\/a><\/td>\n<td>Reykjavik, <strong>Akureyri<\/strong><\/td>\n<\/tr>\n<tr>\n<td><a href=\"https:\/\/thewonderlusters.com\/fr\/visite-allemagne-chiffres-photos\/\">Liechtenstein<\/a><\/td>\n<td>Vaduz<\/td>\n<\/tr>\n<tr>\n<td><a href=\"https:\/\/thewonderlusters.com\/fr\/visite-benelux-chiffres-photos\/\">Luxembourg<\/a><\/td>\n<td>Luxembourg<\/td>\n<\/tr>\n<tr>\n<td>Monaco<\/td>\n<td><strong>Monte Carlo<\/strong><\/td>\n<\/tr>\n<tr>\n<td><a href=\"https:\/\/thewonderlusters.com\/fr\/visite-benelux-chiffres-photos\/\">Pays-Bas<\/a><\/td>\n<td>Amsterdam, Rotterdam, <strong>Utrecht<\/strong><\/td>\n<\/tr>\n<tr>\n<td><a href=\"https:\/\/thewonderlusters.com\/fr\/visite-au-royaume-uni-chiffres-et-photos\/\">Pays-de-Galles<\/a><\/td>\n<td>Cardiff<\/td>\n<\/tr>\n<tr>\n<td><a href=\"https:\/\/thewonderlusters.com\/fr\/visite-europe-centrale-chiffres-photos\/\">Pologne<\/a><\/td>\n<td><strong>Cracovie<\/strong><\/td>\n<\/tr>\n<tr>\n<td><a href=\"https:\/\/thewonderlusters.com\/fr\/visite-portugal-chiffres-photos\/\">Portugal<\/a><\/td>\n<td>Belem, Cascais, <strong>Coimbre<\/strong>, Elvas, <strong>Lisbonne<\/strong>, <strong>Porto<\/strong><\/td>\n<\/tr>\n<tr>\n<td><a href=\"https:\/\/thewonderlusters.com\/fr\/visite-europe-centrale-chiffres-photos\/\">R\u00e9publique Tch\u00e8que<\/a><\/td>\n<td>Brno, <strong>Karlovi Vari<\/strong>, Prague<\/td>\n<\/tr>\n<tr>\n<td><a href=\"https:\/\/thewonderlusters.com\/fr\/visite-europe-centrale-chiffres-photos\/\">Slovaquie<\/a><\/td>\n<td>Bratislava<\/td>\n<\/tr>\n<tr>\n<td><a href=\"https:\/\/thewonderlusters.com\/fr\/visite-italie-slovenie-chiffres-photos\/\">Slov\u00e9nie<\/a><\/td>\n<td>Ljubljana<\/td>\n<\/tr>\n<tr>\n<td><a href=\"https:\/\/thewonderlusters.com\/fr\/visite-france-chiffres-photos\/\">Suisse<\/a><\/td>\n<td>B\u00e2le, Berne, <strong>Gen\u00e8ve<\/strong>, <strong>Lausanne<\/strong>, Lugano, Zurich<\/td>\n<\/tr>\n<tr>\n<td>Vatican<\/td>\n<td><strong>Vatican<\/strong><\/td>\n<\/tr>\n<\/tbody>\n<\/table>\n<h2><a href=\"https:\/\/thewonderlusters.com\/fr\/destination\/oceanie\/\"><span id=\"Oceania\">Oc\u00e9anie<\/span><\/a><\/h2>\n<table width=\"100%\">\n<tbody>\n<tr>\n<td width=\"20%\"><a href=\"https:\/\/thewonderlusters.com\/fr\/visite-australie-chiffres-photos\/\">Australie<\/a><\/td>\n<td width=\"80%\">Alice Springs, Brisbane, Byron Bay, <strong>Gold Coast<\/strong>, Melbourne, <strong>Sydney<\/strong>, Yulara<\/td>\n<\/tr>\n<tr>\n<td><a href=\"https:\/\/thewonderlusters.com\/fr\/visite-fiji-chiffres-photos\/\">Fidji<\/a><\/td>\n<td>Lautoka, <strong>Nadi<\/strong><\/td>\n<\/tr>\n<tr>\n<td><a href=\"https:\/\/thewonderlusters.com\/fr\/visite-nouvelle-zelande-chiffres-photos\/\">Nouvelle Z\u00e9lande<\/a><\/td>\n<td><strong>Auckland<\/strong>, Christchurch, Coromandel, Milford Sound, <strong>Queenstown<\/strong>, Taupo, Tekapo, Rotorua, Wanaka, Wellington<\/td>\n<\/tr>\n<tr>\n<td><a href=\"https:\/\/thewonderlusters.com\/fr\/visite-vanuatu-chiffres-photos\/\">Vanuatu<\/a><\/td>\n<td>Port Vila<\/td>\n<\/tr>\n<\/tbody>\n<\/table>\n<h2><a href=\"https:\/\/thewonderlusters.com\/fr\/destination\/moyen-orient\/\"><span id=\"Middle_East\">Moyen-Orient<\/span><\/a><\/h2>\n<table width=\"100%\">\n<tbody>\n<tr>\n<td><a href=\"https:\/\/thewonderlusters.com\/fr\/visite-emirats-arabes-unis-et-oman-chiffres-photos\/\">\u00c9mirats Arabes Unis<\/a><\/td>\n<td><strong>Abou Dhabi<\/strong>, Al Ain, <strong>Duba\u00ef<\/strong><\/td>\n<\/tr>\n<tr>\n<td width=\"20%\"><a href=\"https:\/\/thewonderlusters.com\/fr\/visite-israel-palestine-chiffres-photos\/\">Isra\u00ebl\/Palestine<\/a><\/td>\n<td width=\"80%\">Eilat, <strong>J\u00e9rusalem<\/strong>, <strong>Haifa<\/strong>, <strong>Massada<\/strong>, Nazareth, Tib\u00e9riade<\/td>\n<\/tr>\n<tr>\n<td><a href=\"https:\/\/thewonderlusters.com\/fr\/visite-jordanie-chiffres-photos\/\">Jordanie<\/a><\/td>\n<td>Amman, <strong>Jerash<\/strong>, Madaba, <strong>Petra<\/strong>, <strong>Wadi Rum<\/strong><\/td>\n<\/tr>\n<tr>\n<td><a href=\"https:\/\/thewonderlusters.com\/fr\/visite-liban-chiffres-photos\/\">Liban<\/a><\/td>\n<td><strong>Baalbek<\/strong>, Beyrouth, <strong>Byblos<\/strong>, Damour, Jounieh, <strong>Sidon<\/strong><\/td>\n<\/tr>\n<tr>\n<td><a href=\"https:\/\/thewonderlusters.com\/fr\/visite-emirats-arabes-unis-et-oman-chiffres-photos\/\">Oman<\/a><\/td>\n<td><strong>Muscat<\/strong>, Nizwa<\/td>\n<\/tr>\n<tr>\n<td><a href=\"https:\/\/thewonderlusters.com\/fr\/visite-turquie-chiffres-photos\/\">Turquie<\/a><\/td>\n<td><strong>Ankara<\/strong>, <strong>Eph\u00e8se<\/strong>, <strong>Goreme<\/strong>, <strong>Istanbul<\/strong>, Izmir, <strong>Pamukkale<\/strong><\/td>\n<\/tr>\n<\/tbody>\n<\/table>\n<h2><a href=\"https:\/\/thewonderlusters.com\/fr\/destination\/amerique\/\"><span id=\"America\">Am\u00e9rique<\/span><\/a><\/h2>\n<table width=\"100%\">\n<tbody>\n<tr>\n<td width=\"20%\">Canada<\/td>\n<td width=\"80%\">Montreal, Ottawa, <strong><a href=\"https:\/\/thewonderlusters.com\/fr\/meilleurs-points-vue-photo-quebec\/\">Qu\u00e9bec<\/a><\/strong>,\u00a0<a href=\"https:\/\/thewonderlusters.com\/fr\/plaisir-familial-ripleys-aquarium-canada-toronto\/\">Toronto<\/a>,\u00a0<a href=\"https:\/\/thewonderlusters.com\/fr\/parc-omega\/\">Parc Om\u00e9ga<\/a>,\u00a0<a href=\"https:\/\/thewonderlusters.com\/fr\/manoir-richelieu-pour-visiter-charlevoix\/\">Charlevoix<\/a><\/td>\n<\/tr>\n<tr>\n<td>\u00c9tats-Unis<\/td>\n<td><strong>Arizona<\/strong>, <strong>Californie<\/strong>, Caroline du Nord, Connecticut, Delaware, <strong>District de Colombie<\/strong>, Floride, Georgie, Illinois, Maine, Massachusetts, Maryland, Michigan, Nevada, New Hampshire, New Jersey, <strong>New York<\/strong>, Ohio, <strong>Pennsylvanie<\/strong>, Rhode Island, Texas, <strong>Utah<\/strong>, Vermont, Virginia, West Virginia<\/td>\n<\/tr>\n<tr>\n<td>Mexique<\/td>\n<td>Acapulco, Atlixco, Cancun, Ciudad Valles, Guadalajara, <strong>Guanajuato<\/strong>, Merida, Oaxaca City, Playa Del Carmen, <strong>Puebla<\/strong>, <strong>Puerto Escondido<\/strong>, Puerto Vallarta, Queretaro, San Luis Potosi, San Miguel de Allende, <strong>Real de Catorce<\/strong>, Tepic, <strong>Tulum<\/strong>, Valladolid, Zacatecas<\/td>\n<\/tr>\n<\/tbody>\n<\/table>\n<h2><a href=\"https:\/\/thewonderlusters.com\/fr\/destination\/afrique\/\"><span id=\"Africa\">Afrique<\/span><\/a><\/h2>\n<table width=\"100%\">\n<tbody>\n<tr>\n<td width=\"20%\"><a href=\"https:\/\/thewonderlusters.com\/fr\/visite-maroc-chiffres-photos\/\">Maroc<\/a><\/td>\n<td width=\"80%\"><strong>Asilah<\/strong>, Casablanca, <strong>Chefchaouen<\/strong>, Essaouira, Fez, Marrakech, Meknes, <strong>Merzouga<\/strong>, Ouarzazate, Rabat, Tanger, Tetouan<\/td>\n<\/tr>\n<\/tbody>\n<\/table>\t\t\t\t\t\t<\/div>\n\t\t\t\t<\/div>\n\t\t\t\t\t<\/div>\n\t\t<\/div>\n\t\t\t\t\t<\/div>\n\t\t<\/section>\n\t\t\t\t<\/div>\n\t\t","protected":false},"excerpt":{"rendered":"<p>En qu\u00eate d&#8217;inspiration? Par nos articles agr\u00e9ment\u00e9s de superbes photos, nous souhaitons vous inspirer \u00e0 vivre des exp\u00e9riences transformatrices en vous introduisant \u00e0 de&hellip;<\/p>\n","protected":false},"author":2,"featured_media":4102,"parent":0,"menu_order":0,"comment_status":"closed","ping_status":"closed","template":"","meta":{"_lmt_disableupdate":"no","_lmt_disable":"","footnotes":""},"class_list":["post-9367","page","type-page","status-publish","has-post-thumbnail","hentry"],"jetpack_sharing_enabled":true,"_links":{"self":[{"href":"https:\/\/thewonderlusters.com\/fr\/wp-json\/wp\/v2\/pages\/9367","targetHints":{"allow":["GET"]}}],"collection":[{"href":"https:\/\/thewonderlusters.com\/fr\/wp-json\/wp\/v2\/pages"}],"about":[{"href":"https:\/\/thewonderlusters.com\/fr\/wp-json\/wp\/v2\/types\/page"}],"author":[{"embeddable":true,"href":"https:\/\/thewonderlusters.com\/fr\/wp-json\/wp\/v2\/users\/2"}],"replies":[{"embeddable":true,"href":"https:\/\/thewonderlusters.com\/fr\/wp-json\/wp\/v2\/comments?post=9367"}],"version-history":[{"count":0,"href":"https:\/\/thewonderlusters.com\/fr\/wp-json\/wp\/v2\/pages\/9367\/revisions"}],"wp:featuredmedia":[{"embeddable":true,"href":"https:\/\/thewonderlusters.com\/fr\/wp-json\/wp\/v2\/media\/4102"}],"wp:attachment":[{"href":"https:\/\/thewonderlusters.com\/fr\/wp-json\/wp\/v2\/media?parent=9367"}],"curies":[{"name":"wp","href":"https:\/\/api.w.org\/{rel}","templated":true}]}}